{"id":11591,"date":"2023-12-05T17:53:06","date_gmt":"2023-12-05T16:53:06","guid":{"rendered":"https:\/\/multimeds.eu\/produits\/patients\/"},"modified":"2025-08-29T16:24:32","modified_gmt":"2025-08-29T14:24:32","slug":"doentes-cuidadores","status":"publish","type":"product","link":"https:\/\/multimeds.eu\/pt-pt\/produits\/doentes-cuidadores\/","title":{"rendered":"Para os doentes e cuidadores"},"content":{"rendered":"<div class=\"container\"><div class=\"row\"><div class=\"medium-large-full\">\n<div class=\"wp-block-columns is-layout-flex wp-container-core-columns-is-layout-9d6595d7 wp-block-columns-is-layout-flex\">\n<div class=\"wp-block-column is-vertically-aligned-center is-layout-flow wp-block-column-is-layout-flow\"><div class=\"wp-block-image is-style-default\"><div class=\"container\"><div class=\"row\"><div class=\"medium-large-full\">\n<figure class=\"alignright size-large is-resized\"><img loading=\"lazy\" decoding=\"async\" width=\"1024\" height=\"683\" src=\"https:\/\/multimeds.equasens.com\/wp-content\/uploads\/2023\/11\/patient-solutions-multimeds-1024x683.webp\" alt=\"\" class=\"wp-image-7255\" style=\"aspect-ratio:4\/3;object-fit:cover;width:650px\" srcset=\"https:\/\/multimeds.eu\/wp-content\/uploads\/2023\/11\/patient-solutions-multimeds-1024x683.webp 1024w, https:\/\/multimeds.eu\/wp-content\/uploads\/2023\/11\/patient-solutions-multimeds-500x333.webp 500w, https:\/\/multimeds.eu\/wp-content\/uploads\/2023\/11\/patient-solutions-multimeds-768x512.webp 768w, https:\/\/multimeds.eu\/wp-content\/uploads\/2023\/11\/patient-solutions-multimeds.webp 1200w\" sizes=\"auto, (max-width: 1024px) 100vw, 1024px\" \/><\/figure>\n<\/div><\/div><\/div><\/div><\/div>\n\n\n\n<div class=\"wp-block-column is-layout-flow wp-block-column-is-layout-flow\"><div id=\"titre-perso-block_44dd3118483742f5ed32d0b457dd3f65\" class=\"titre-perso block-titre-perso\">\n\t<div class=\"container\">\n\t\t<div class=\"row\">\n\t\t\t<div class=\"medium-large-full flex-col\">\n\t\t\t\t<h2 class=\"title\" data-aos=\"fade-left\" data-aos-delay=\"100\">\n\t\t\t\t\t<span class=\"meta-suptitle\" data-aos=\"fade-right\" data-aos-delay=\"100\">Prepara\u00e7\u00e3o Individualizada da Medica\u00e7\u00e3o<\/span>\t\t\t\t\t<span class=\"meta-title\" data-aos=\"fade-right\" data-aos-delay=\"200\">\n\t\t\t\t\t\t A Sua Sa\u00fade, a Nossa Prioridade \t\t\t\t\t\t<!-- <div class=\"one-big-line-blue\" data-aos=\"fade-right\" data-aos-delay=\"300\"><\/div> -->\n\t\t\t\t\t<\/span>\n\t\t\t\t<\/h2>\n\t\t\t<\/div>\n\t\t<\/div>\n\t<\/div>\n<\/div>\n\n\n<div class=\"container\"><div class=\"row\"><div class=\"medium-large-full\">\n<p><strong>Na Multimeds, compreendemos os desafios associados \u00e0 gest\u00e3o da sua sa\u00fade e dos seus tratamentos.<\/strong><\/p>\n<\/div><\/div><\/div>\n\n<div class=\"container\"><div class=\"row\"><div class=\"medium-large-full\">\n<p>A boa ades\u00e3o terap\u00eautica \u00e9 fundamental para otimizar a efic\u00e1cia do tratamento, prevenir efeitos secund\u00e1rios indesej\u00e1veis e reduzir o risco de complica\u00e7\u00f5es.<\/p>\n<\/div><\/div><\/div>\n\n<div class=\"container\"><div class=\"row\"><div class=\"medium-large-full\">\n<p>Gerir a medica\u00e7\u00e3o com precis\u00e3o \u00e9 particularmente essencial quando se trata de tratamentos complexos ou cr\u00f3nicos. O uso do dispensador de comprimidos (piluleiro) facilita igualmente o acompanhamento m\u00e9dico, permitindo ajustar a terap\u00eautica de acordo com a evolu\u00e7\u00e3o do seu estado de sa\u00fade.<\/p>\n<\/div><\/div><\/div>\n\n<div class=\"container\"><div class=\"row\"><div class=\"medium-large-full\">\n<p>Al\u00e9m disso, ao seguir corretamente as prescri\u00e7\u00f5es, contribui ativamente para o sucesso do tratamento e evita erros de medica\u00e7\u00e3o, como esquecimentos ou sobredosagens.<\/p>\n<\/div><\/div><\/div>\n\n<div class=\"container\"><div class=\"row\"><div class=\"medium-large-full\">\n<p>Com um piluleiro, disp\u00f5e de uma solu\u00e7\u00e3o simples, segura e pronta a usar para a gest\u00e3o da sua medica\u00e7\u00e3o no dia a dia..<\/p>\n<\/div><\/div><\/div><\/div>\n<\/div>\n<\/div><\/div><\/div>\n\n<div class=\"container\"><div class=\"row\"><div class=\"medium-large-full\">\n<div style=\"height:60px\" aria-hidden=\"true\" class=\"wp-block-spacer\"><\/div>\n<\/div><\/div><\/div>\n\n<section id=\"etapes-block_61b8aa595c0a1379a6f38e32338e944a\" class=\"etapes block-etapes\" data-aos=\"fade-right\" data-aos-delay=\"100\">\n\t\t\t<div class=\"step-number flex flex-center-middle\">1<\/div>\n\t\t<div class=\"step-content\">\n\t\t\n<div class=\"container\"><div class=\"row\"><div class=\"medium-large-full\">\n<h3 class=\"wp-block-heading\"><strong><strong>Melhoria da ades\u00e3o ao tratamento<\/strong><\/strong><\/h3>\n<\/div><\/div><\/div>\n\n<div class=\"container\"><div class=\"row\"><div class=\"medium-large-full\">\n<p><strong>O uso de uma caixa organizadora de medicamentos preparada pelo farmac\u00eautico facilita o acompanhamento do seu tratamento, organizando os medicamentos de acordo com os hor\u00e1rios de tomada.<\/strong><br>Esse sistema apoia de forma eficaz a sua ades\u00e3o terap\u00eautica, reduzindo os riscos de erros na medica\u00e7\u00e3o, como esquecimentos ou tomadas em duplicidade.<\/p>\n<\/div><\/div><\/div>\n\n\t<\/div>\n<\/section>\n\n\n<div class=\"container\"><div class=\"row\"><div class=\"medium-large-full\">\n<div class=\"wp-block-columns is-layout-flex wp-container-core-columns-is-layout-9d6595d7 wp-block-columns-is-layout-flex\">\n<div class=\"wp-block-column is-layout-flow wp-block-column-is-layout-flow\"><\/div>\n<\/div>\n<\/div><\/div><\/div>\n\n<section id=\"etapes-block_0e6bfa242a661bbbef89c5c3d4440319\" class=\"etapes block-etapes\" data-aos=\"fade-right\" data-aos-delay=\"100\">\n\t\t\t<div class=\"step-number flex flex-center-middle\">2<\/div>\n\t\t<div class=\"step-content\">\n\t\t\n<div class=\"container\"><div class=\"row\"><div class=\"medium-large-full\">\n<h3 class=\"wp-block-heading\"><strong><strong>Redu\u00e7\u00e3o dos erros de medica\u00e7\u00e3o<\/strong><\/strong><\/h3>\n<\/div><\/div><\/div>\n\n<div class=\"container\"><div class=\"row\"><div class=\"medium-large-full\">\n<p><strong>Um protocolo rigoroso orienta a prepara\u00e7\u00e3o das caixas organizadoras, garantindo a seguran\u00e7a dos medicamentos.<\/strong><br>O farmac\u00eautico e o software realizam verifica\u00e7\u00f5es sistem\u00e1ticas. Assim, essas etapas asseguram que os medicamentos na sua caixa correspondam exatamente \u00e0 prescri\u00e7\u00e3o do seu m\u00e9dico.<\/p>\n<\/div><\/div><\/div>\n\n\t<\/div>\n<\/section>\n\n\n<div class=\"container\"><div class=\"row\"><div class=\"medium-large-full\">\n<div class=\"wp-block-columns is-layout-flex wp-container-core-columns-is-layout-9d6595d7 wp-block-columns-is-layout-flex\">\n<div class=\"wp-block-column is-layout-flow wp-block-column-is-layout-flow\"><\/div>\n<\/div>\n<\/div><\/div><\/div>\n\n<section id=\"etapes-block_b58376d90d870bc3d14a2c3176207876\" class=\"etapes block-etapes\" data-aos=\"fade-right\" data-aos-delay=\"100\">\n\t\t\t<div class=\"step-number flex flex-center-middle\">3<\/div>\n\t\t<div class=\"step-content\">\n\t\t\n<div class=\"container\"><div class=\"row\"><div class=\"medium-large-full\">\n<h3 class=\"wp-block-heading\"><strong><strong>Simplifica\u00e7\u00e3o da gest\u00e3o dos medicamentos<\/strong><\/strong><\/h3>\n<\/div><\/div><\/div>\n\n<div class=\"container\"><div class=\"row\"><div class=\"medium-large-full\">\n<p><strong>Os seus medicamentos est\u00e3o organizados de forma clara<\/strong>, com compartimentos dedicados a cada toma do dia (manh\u00e3, almo\u00e7o, jantar e deitar) e para cada dia da semana. Esta organiza\u00e7\u00e3o torna muito mais simples o seguimento de tratamentos complexos. Al\u00e9m disso, os compartimentos destac\u00e1veis das caixas facilitam o transporte no dia a dia.<\/p>\n<\/div><\/div><\/div>\n\n\t<\/div>\n<\/section>\n\n\n<div class=\"container\"><div class=\"row\"><div class=\"medium-large-full\">\n<div class=\"wp-block-columns is-layout-flex wp-container-core-columns-is-layout-9d6595d7 wp-block-columns-is-layout-flex\">\n<div class=\"wp-block-column is-layout-flow wp-block-column-is-layout-flow\"><\/div>\n<\/div>\n<\/div><\/div><\/div>\n\n<section id=\"etapes-block_378d902de61ae7daf63fcb85bbffc2d6\" class=\"etapes block-etapes\" data-aos=\"fade-right\" data-aos-delay=\"100\">\n\t\t\t<div class=\"step-number flex flex-center-middle\">4<\/div>\n\t\t<div class=\"step-content\">\n\t\t\n<div class=\"container\"><div class=\"row\"><div class=\"medium-large-full\">\n<h3 class=\"wp-block-heading\"><strong><strong>Servi\u00e7os personalizados e acompanhamento<\/strong><\/strong><\/h3>\n<\/div><\/div><\/div>\n\n<div class=\"container\"><div class=\"row\"><div class=\"medium-large-full\">\n<p>Para al\u00e9m da prepara\u00e7\u00e3o das caixas organizadoras de medicamentos, as farm\u00e1cias oferecem consultas farmac\u00eauticas e revis\u00f5es da medica\u00e7\u00e3o. O objetivo \u00e9 reunir todos os tratamentos em curso para, em seguida, identificar formas de melhorar a sua ades\u00e3o terap\u00eautica e reduzir o risco iatrog\u00e9nico.<\/p>\n<\/div><\/div><\/div>\n\n\t<\/div>\n<\/section>\n\n\n<div class=\"container\"><div class=\"row\"><div class=\"medium-large-full\">\n<div style=\"height:54px\" aria-hidden=\"true\" class=\"wp-block-spacer\"><\/div>\n<\/div><\/div><\/div>\n\n<section id=\"fullwidth-block_aa823cad20ef125d86cdbeb93c770b0f\" class=\"fullwidth block-fullwidth is-style-background-gray\" data-aos=\"fade-down\">\n    \n<div id=\"titre-perso-block_29e8c1892323e617f4d44254bf65144e\" class=\"titre-perso block-titre-perso\">\n\t<div class=\"container\">\n\t\t<div class=\"row\">\n\t\t\t<div class=\"medium-large-full flex-col\">\n\t\t\t\t<h2 class=\"title\" data-aos=\"fade-left\" data-aos-delay=\"100\">\n\t\t\t\t\t\t\t\t\t\t<span class=\"meta-title\" data-aos=\"fade-right\" data-aos-delay=\"200\">\n\t\t\t\t\t\t Descubra as solu\u00e7\u00f5es Multimeds \t\t\t\t\t\t<!-- <div class=\"one-big-line-blue\" data-aos=\"fade-right\" data-aos-delay=\"300\"><\/div> -->\n\t\t\t\t\t<\/span>\n\t\t\t\t<\/h2>\n\t\t\t<\/div>\n\t\t<\/div>\n\t<\/div>\n<\/div>\n\n\n<section id=\"produits-block_5d65fb38d0fc55997d1ae3737d32dbc1\" class=\"produits block-produits\">\n    <div class=\"container\">\n        \t\t\t<div class=\"row medium-half large-third\">\n\t\t\t\t\t\t\t\t\t\t\t<a class=\"wrap-product\" href=\"https:\/\/multimeds.eu\/pt-pt\/produits\/piluleiro-multimeds\/\">\n\t<article class=\"wrap-post\">\n\t\t<div class=\"post-image image-fit\">\n            <img loading=\"lazy\" decoding=\"async\" width=\"500\" height=\"333\" src=\"https:\/\/multimeds.eu\/wp-content\/uploads\/2023\/11\/home-bg-multimeds-500x333.webp\" class=\"attachment-medium size-medium wp-post-image\" alt=\"\" srcset=\"https:\/\/multimeds.eu\/wp-content\/uploads\/2023\/11\/home-bg-multimeds-500x333.webp 500w, https:\/\/multimeds.eu\/wp-content\/uploads\/2023\/11\/home-bg-multimeds-1024x683.webp 1024w, https:\/\/multimeds.eu\/wp-content\/uploads\/2023\/11\/home-bg-multimeds-768x512.webp 768w, https:\/\/multimeds.eu\/wp-content\/uploads\/2023\/11\/home-bg-multimeds-1536x1024.webp 1536w, https:\/\/multimeds.eu\/wp-content\/uploads\/2023\/11\/home-bg-multimeds.webp 1920w\" sizes=\"auto, (max-width: 500px) 100vw, 500px\" \/>\t\t<\/div>\n\t\t<div class=\"post-content\">\n\t\t\t<h2 class=\"post-title\">Piluleiro Multimeds<\/h2>\n\t\t\t<p>O Piluleiro Multimeds \u00e9 uma solu\u00e7\u00e3o inovadora e pr\u00e1tica para a gest\u00e3o da prepara\u00e7\u00e3o individualizada da medica\u00e7\u00e3o. Associado \u00e0 utiliza\u00e7\u00e3o do software Multimeds 2.0, a produ\u00e7\u00e3o dos piluleiros \u00e9 segura e otimizada. Caracter\u00edsticas principais<\/p>\n\t\t<\/div>\n\t<\/article>\n<\/a>\n\t\t\t\t\t\t\t\t\t\t\t<a class=\"wrap-product\" href=\"https:\/\/multimeds.eu\/pt-pt\/produits\/robo-multimeds\/\">\n\t<article class=\"wrap-post\">\n\t\t<div class=\"post-image image-fit\">\n            <img loading=\"lazy\" decoding=\"async\" width=\"500\" height=\"333\" src=\"https:\/\/multimeds.eu\/wp-content\/uploads\/2023\/11\/production-organisation-robot-multimeds-500x333.webp\" class=\"attachment-medium size-medium wp-post-image\" alt=\"\" srcset=\"https:\/\/multimeds.eu\/wp-content\/uploads\/2023\/11\/production-organisation-robot-multimeds-500x333.webp 500w, https:\/\/multimeds.eu\/wp-content\/uploads\/2023\/11\/production-organisation-robot-multimeds-1024x683.webp 1024w, https:\/\/multimeds.eu\/wp-content\/uploads\/2023\/11\/production-organisation-robot-multimeds-768x512.webp 768w, https:\/\/multimeds.eu\/wp-content\/uploads\/2023\/11\/production-organisation-robot-multimeds.webp 1200w\" sizes=\"auto, (max-width: 500px) 100vw, 500px\" \/>\t\t<\/div>\n\t\t<div class=\"post-content\">\n\t\t\t<h2 class=\"post-title\">Rob\u00f4 Multimeds<\/h2>\n\t\t\t<p>O Rob\u00f4 Multimeds \u00e9 a solu\u00e7\u00e3o perfeita para farm\u00e1cias que querem otimizar e automatizar a prepara\u00e7\u00e3o dos piluleiros. Com ele, a produtividade cresce de forma significativa, garantindo sempre uma gest\u00e3o segura da medica\u00e7\u00e3o e a total rastreabilidade dos medicamentos.<\/p>\n\t\t<\/div>\n\t<\/article>\n<\/a>\n\t\t\t\t\t\t\t\t\t\t\t<a class=\"wrap-product\" href=\"https:\/\/multimeds.eu\/pt-pt\/produits\/software-multimeds\/\">\n\t<article class=\"wrap-post\">\n\t\t<div class=\"post-image image-fit\">\n            <img loading=\"lazy\" decoding=\"async\" width=\"300\" height=\"200\" src=\"https:\/\/multimeds.eu\/wp-content\/uploads\/2022\/11\/PHOTO_NOUVEAUX_SERVICES_PATIENTS-300x200.png\" class=\"attachment-medium size-medium wp-post-image\" alt=\"\" srcset=\"https:\/\/multimeds.eu\/wp-content\/uploads\/2022\/11\/PHOTO_NOUVEAUX_SERVICES_PATIENTS-300x200.png 300w, https:\/\/multimeds.eu\/wp-content\/uploads\/2022\/11\/PHOTO_NOUVEAUX_SERVICES_PATIENTS-1024x683.png 1024w, https:\/\/multimeds.eu\/wp-content\/uploads\/2022\/11\/PHOTO_NOUVEAUX_SERVICES_PATIENTS-768x512.png 768w, https:\/\/multimeds.eu\/wp-content\/uploads\/2022\/11\/PHOTO_NOUVEAUX_SERVICES_PATIENTS-1536x1024.png 1536w, https:\/\/multimeds.eu\/wp-content\/uploads\/2022\/11\/PHOTO_NOUVEAUX_SERVICES_PATIENTS-2048x1365.png 2048w\" sizes=\"auto, (max-width: 300px) 100vw, 300px\" \/>\t\t<\/div>\n\t\t<div class=\"post-content\">\n\t\t\t<h2 class=\"post-title\">Software Multimeds 2.0<\/h2>\n\t\t\t<p>O software Multimeds 2.0 \u00e9 uma solu\u00e7\u00e3o de dispensa\u00e7\u00e3o individualizada da medica\u00e7\u00e3o. Concebido para as farm\u00e1cias comunit\u00e1rias, este software responde \u00e0s crescentes necessidades de personaliza\u00e7\u00e3o e de seguran\u00e7a dos tratamentos medicamentosos.<\/p>\n\t\t<\/div>\n\t<\/article>\n<\/a>\n\t\t\t\t\t\t\t\t<\/div>\n            <\/div>\n<\/section>\n\n\n<\/section>\n\n\n<div class=\"container\"><div class=\"row\"><div class=\"medium-large-full\"><div class=\"container\"><div class=\"row\"><div class=\"medium-large-full\"><section id=\"fullwidth-block_1fa8fa9573fb027fe153f8ff0236ab39\" class=\"fullwidth block-fullwidth is-style-background-cta-multimeds\" data-aos=\"fade-down\">\n    \n<div class=\"container\"><div class=\"row\"><div class=\"medium-large-full\">\n<div class=\"wp-block-columns is-layout-flex wp-container-core-columns-is-layout-9d6595d7 wp-block-columns-is-layout-flex\">\n<div class=\"wp-block-column is-vertically-aligned-center is-layout-flow wp-block-column-is-layout-flow\" style=\"flex-basis:80%\"><div class=\"container\"><div class=\"row\"><div class=\"medium-large-full\">\n<h3 class=\"wp-block-heading has-black-color has-text-color\">Deseja mais informa\u00e7\u00f5es?<\/h3>\n<\/div><\/div><\/div><\/div>\n\n\n\n<div class=\"wp-block-column is-layout-flow wp-block-column-is-layout-flow\" style=\"flex-basis:20%\"><div class=\"container\"><div class=\"row\"><div class=\"medium-large-full\">\n<div class=\"wp-block-buttons is-layout-flex wp-block-buttons-is-layout-flex\">\n<div class=\"wp-block-button\"><a class=\"wp-block-button__link wp-element-button\" href=\"https:\/\/multimeds.eu\/pt-pt\/contacte-nos\/\">Contacte-nos<\/a><\/div>\n<\/div>\n<\/div><\/div><\/div><\/div>\n<\/div>\n<\/div><\/div><\/div>\n\n<\/section>\n<\/div><\/div><\/div><\/div><\/div><\/div>","protected":false},"excerpt":{"rendered":"<p>Na Multimeds, compreendemos os desafios associados \u00e0 gest\u00e3o da sua sa\u00fade e dos seus tratamentos.<\/p>\n","protected":false},"featured_media":11204,"template":"","product-gammes":[111],"class_list":["post-11591","product","type-product","status-publish","has-post-thumbnail","hentry","product-gammes-voce-e"],"acf":[],"yoast_head":"<!-- This site is optimized with the Yoast SEO plugin v27.4 - https:\/\/yoast.com\/product\/yoast-seo-wordpress\/ -->\n<title>Para os doentes e cuidadores - Multimeds<\/title>\n<meta name=\"description\" content=\"Na Multimeds, compreendemos os desafios associados \u00e0 gest\u00e3o da sua sa\u00fade e dos seus tratamentos.\" \/>\n<meta name=\"robots\" content=\"index, follow, max-snippet:-1, max-image-preview:large, max-video-preview:-1\" \/>\n<link rel=\"canonical\" href=\"https:\/\/multimeds.eu\/pt-pt\/produits\/doentes-cuidadores\/\" \/>\n<meta property=\"og:locale\" content=\"pt_PT\" \/>\n<meta property=\"og:type\" content=\"article\" \/>\n<meta property=\"og:title\" content=\"Para os doentes e cuidadores - Multimeds\" \/>\n<meta property=\"og:description\" content=\"Na Multimeds, compreendemos os desafios associados \u00e0 gest\u00e3o da sua sa\u00fade e dos seus tratamentos.\" \/>\n<meta property=\"og:url\" content=\"https:\/\/multimeds.eu\/pt-pt\/produits\/doentes-cuidadores\/\" \/>\n<meta property=\"og:site_name\" content=\"Multimeds\" \/>\n<meta property=\"article:publisher\" content=\"https:\/\/www.facebook.com\/Pharmagest\/\" \/>\n<meta property=\"article:modified_time\" content=\"2025-08-29T14:24:32+00:00\" \/>\n<meta property=\"og:image\" content=\"https:\/\/multimeds.eu\/wp-content\/uploads\/2023\/12\/aidant-pilulier-multimeds.webp\" \/>\n\t<meta property=\"og:image:width\" content=\"1200\" \/>\n\t<meta property=\"og:image:height\" content=\"800\" \/>\n\t<meta property=\"og:image:type\" content=\"image\/webp\" \/>\n<meta name=\"twitter:card\" content=\"summary_large_image\" \/>\n<meta name=\"twitter:site\" content=\"@Pharmagest\" \/>\n<meta name=\"twitter:label1\" content=\"Tempo estimado de leitura\" \/>\n\t<meta name=\"twitter:data1\" content=\"6 minutos\" \/>\n<script type=\"application\/ld+json\" class=\"yoast-schema-graph\">{\"@context\":\"https:\\\/\\\/schema.org\",\"@graph\":[{\"@type\":\"WebPage\",\"@id\":\"https:\\\/\\\/multimeds.eu\\\/pt-pt\\\/produits\\\/doentes-cuidadores\\\/\",\"url\":\"https:\\\/\\\/multimeds.eu\\\/pt-pt\\\/produits\\\/doentes-cuidadores\\\/\",\"name\":\"Para os doentes e cuidadores - Multimeds\",\"isPartOf\":{\"@id\":\"https:\\\/\\\/multimeds.eu\\\/pt-pt\\\/#website\"},\"primaryImageOfPage\":{\"@id\":\"https:\\\/\\\/multimeds.eu\\\/pt-pt\\\/produits\\\/doentes-cuidadores\\\/#primaryimage\"},\"image\":{\"@id\":\"https:\\\/\\\/multimeds.eu\\\/pt-pt\\\/produits\\\/doentes-cuidadores\\\/#primaryimage\"},\"thumbnailUrl\":\"https:\\\/\\\/multimeds.eu\\\/wp-content\\\/uploads\\\/2023\\\/12\\\/aidant-pilulier-multimeds.webp\",\"datePublished\":\"2023-12-05T16:53:06+00:00\",\"dateModified\":\"2025-08-29T14:24:32+00:00\",\"description\":\"Na Multimeds, compreendemos os desafios associados \u00e0 gest\u00e3o da sua sa\u00fade e dos seus tratamentos.\",\"breadcrumb\":{\"@id\":\"https:\\\/\\\/multimeds.eu\\\/pt-pt\\\/produits\\\/doentes-cuidadores\\\/#breadcrumb\"},\"inLanguage\":\"pt-PT\",\"potentialAction\":[{\"@type\":\"ReadAction\",\"target\":[\"https:\\\/\\\/multimeds.eu\\\/pt-pt\\\/produits\\\/doentes-cuidadores\\\/\"]}]},{\"@type\":\"ImageObject\",\"inLanguage\":\"pt-PT\",\"@id\":\"https:\\\/\\\/multimeds.eu\\\/pt-pt\\\/produits\\\/doentes-cuidadores\\\/#primaryimage\",\"url\":\"https:\\\/\\\/multimeds.eu\\\/wp-content\\\/uploads\\\/2023\\\/12\\\/aidant-pilulier-multimeds.webp\",\"contentUrl\":\"https:\\\/\\\/multimeds.eu\\\/wp-content\\\/uploads\\\/2023\\\/12\\\/aidant-pilulier-multimeds.webp\",\"width\":1200,\"height\":800},{\"@type\":\"BreadcrumbList\",\"@id\":\"https:\\\/\\\/multimeds.eu\\\/pt-pt\\\/produits\\\/doentes-cuidadores\\\/#breadcrumb\",\"itemListElement\":[{\"@type\":\"ListItem\",\"position\":1,\"name\":\"Accueil\",\"item\":\"https:\\\/\\\/multimeds.eu\\\/pt-pt\\\/\"},{\"@type\":\"ListItem\",\"position\":2,\"name\":\"Para os doentes e cuidadores\"}]},{\"@type\":\"WebSite\",\"@id\":\"https:\\\/\\\/multimeds.eu\\\/pt-pt\\\/#website\",\"url\":\"https:\\\/\\\/multimeds.eu\\\/pt-pt\\\/\",\"name\":\"Multimeds\",\"description\":\"Pr\u00e9pration des Doses \u00e0 Administrer\",\"publisher\":{\"@id\":\"https:\\\/\\\/multimeds.eu\\\/pt-pt\\\/#organization\"},\"potentialAction\":[{\"@type\":\"SearchAction\",\"target\":{\"@type\":\"EntryPoint\",\"urlTemplate\":\"https:\\\/\\\/multimeds.eu\\\/pt-pt\\\/?s={search_term_string}\"},\"query-input\":{\"@type\":\"PropertyValueSpecification\",\"valueRequired\":true,\"valueName\":\"search_term_string\"}}],\"inLanguage\":\"pt-PT\"},{\"@type\":\"Organization\",\"@id\":\"https:\\\/\\\/multimeds.eu\\\/pt-pt\\\/#organization\",\"name\":\"Multimeds\",\"url\":\"https:\\\/\\\/multimeds.eu\\\/pt-pt\\\/\",\"logo\":{\"@type\":\"ImageObject\",\"inLanguage\":\"pt-PT\",\"@id\":\"https:\\\/\\\/multimeds.eu\\\/pt-pt\\\/#\\\/schema\\\/logo\\\/image\\\/\",\"url\":\"https:\\\/\\\/multimeds.eu\\\/wp-content\\\/uploads\\\/2023\\\/10\\\/cropped-Logo_Multimeds.png\",\"contentUrl\":\"https:\\\/\\\/multimeds.eu\\\/wp-content\\\/uploads\\\/2023\\\/10\\\/cropped-Logo_Multimeds.png\",\"width\":3221,\"height\":699,\"caption\":\"Multimeds\"},\"image\":{\"@id\":\"https:\\\/\\\/multimeds.eu\\\/pt-pt\\\/#\\\/schema\\\/logo\\\/image\\\/\"},\"sameAs\":[\"https:\\\/\\\/www.facebook.com\\\/Pharmagest\\\/\",\"https:\\\/\\\/x.com\\\/Pharmagest\",\"https:\\\/\\\/www.linkedin.com\\\/company\\\/741276\"]}]}<\/script>\n<!-- \/ Yoast SEO plugin. -->","yoast_head_json":{"title":"Para os doentes e cuidadores - Multimeds","description":"Na Multimeds, compreendemos os desafios associados \u00e0 gest\u00e3o da sua sa\u00fade e dos seus tratamentos.","robots":{"index":"index","follow":"follow","max-snippet":"max-snippet:-1","max-image-preview":"max-image-preview:large","max-video-preview":"max-video-preview:-1"},"canonical":"https:\/\/multimeds.eu\/pt-pt\/produits\/doentes-cuidadores\/","og_locale":"pt_PT","og_type":"article","og_title":"Para os doentes e cuidadores - Multimeds","og_description":"Na Multimeds, compreendemos os desafios associados \u00e0 gest\u00e3o da sua sa\u00fade e dos seus tratamentos.","og_url":"https:\/\/multimeds.eu\/pt-pt\/produits\/doentes-cuidadores\/","og_site_name":"Multimeds","article_publisher":"https:\/\/www.facebook.com\/Pharmagest\/","article_modified_time":"2025-08-29T14:24:32+00:00","og_image":[{"width":1200,"height":800,"url":"https:\/\/multimeds.eu\/wp-content\/uploads\/2023\/12\/aidant-pilulier-multimeds.webp","type":"image\/webp"}],"twitter_card":"summary_large_image","twitter_site":"@Pharmagest","twitter_misc":{"Tempo estimado de leitura":"6 minutos"},"schema":{"@context":"https:\/\/schema.org","@graph":[{"@type":"WebPage","@id":"https:\/\/multimeds.eu\/pt-pt\/produits\/doentes-cuidadores\/","url":"https:\/\/multimeds.eu\/pt-pt\/produits\/doentes-cuidadores\/","name":"Para os doentes e cuidadores - Multimeds","isPartOf":{"@id":"https:\/\/multimeds.eu\/pt-pt\/#website"},"primaryImageOfPage":{"@id":"https:\/\/multimeds.eu\/pt-pt\/produits\/doentes-cuidadores\/#primaryimage"},"image":{"@id":"https:\/\/multimeds.eu\/pt-pt\/produits\/doentes-cuidadores\/#primaryimage"},"thumbnailUrl":"https:\/\/multimeds.eu\/wp-content\/uploads\/2023\/12\/aidant-pilulier-multimeds.webp","datePublished":"2023-12-05T16:53:06+00:00","dateModified":"2025-08-29T14:24:32+00:00","description":"Na Multimeds, compreendemos os desafios associados \u00e0 gest\u00e3o da sua sa\u00fade e dos seus tratamentos.","breadcrumb":{"@id":"https:\/\/multimeds.eu\/pt-pt\/produits\/doentes-cuidadores\/#breadcrumb"},"inLanguage":"pt-PT","potentialAction":[{"@type":"ReadAction","target":["https:\/\/multimeds.eu\/pt-pt\/produits\/doentes-cuidadores\/"]}]},{"@type":"ImageObject","inLanguage":"pt-PT","@id":"https:\/\/multimeds.eu\/pt-pt\/produits\/doentes-cuidadores\/#primaryimage","url":"https:\/\/multimeds.eu\/wp-content\/uploads\/2023\/12\/aidant-pilulier-multimeds.webp","contentUrl":"https:\/\/multimeds.eu\/wp-content\/uploads\/2023\/12\/aidant-pilulier-multimeds.webp","width":1200,"height":800},{"@type":"BreadcrumbList","@id":"https:\/\/multimeds.eu\/pt-pt\/produits\/doentes-cuidadores\/#breadcrumb","itemListElement":[{"@type":"ListItem","position":1,"name":"Accueil","item":"https:\/\/multimeds.eu\/pt-pt\/"},{"@type":"ListItem","position":2,"name":"Para os doentes e cuidadores"}]},{"@type":"WebSite","@id":"https:\/\/multimeds.eu\/pt-pt\/#website","url":"https:\/\/multimeds.eu\/pt-pt\/","name":"Multimeds","description":"Pr\u00e9pration des Doses \u00e0 Administrer","publisher":{"@id":"https:\/\/multimeds.eu\/pt-pt\/#organization"},"potentialAction":[{"@type":"SearchAction","target":{"@type":"EntryPoint","urlTemplate":"https:\/\/multimeds.eu\/pt-pt\/?s={search_term_string}"},"query-input":{"@type":"PropertyValueSpecification","valueRequired":true,"valueName":"search_term_string"}}],"inLanguage":"pt-PT"},{"@type":"Organization","@id":"https:\/\/multimeds.eu\/pt-pt\/#organization","name":"Multimeds","url":"https:\/\/multimeds.eu\/pt-pt\/","logo":{"@type":"ImageObject","inLanguage":"pt-PT","@id":"https:\/\/multimeds.eu\/pt-pt\/#\/schema\/logo\/image\/","url":"https:\/\/multimeds.eu\/wp-content\/uploads\/2023\/10\/cropped-Logo_Multimeds.png","contentUrl":"https:\/\/multimeds.eu\/wp-content\/uploads\/2023\/10\/cropped-Logo_Multimeds.png","width":3221,"height":699,"caption":"Multimeds"},"image":{"@id":"https:\/\/multimeds.eu\/pt-pt\/#\/schema\/logo\/image\/"},"sameAs":["https:\/\/www.facebook.com\/Pharmagest\/","https:\/\/x.com\/Pharmagest","https:\/\/www.linkedin.com\/company\/741276"]}]}},"_links":{"self":[{"href":"https:\/\/multimeds.eu\/pt-pt\/wp-json\/wp\/v2\/product\/11591","targetHints":{"allow":["GET"]}}],"collection":[{"href":"https:\/\/multimeds.eu\/pt-pt\/wp-json\/wp\/v2\/product"}],"about":[{"href":"https:\/\/multimeds.eu\/pt-pt\/wp-json\/wp\/v2\/types\/product"}],"version-history":[{"count":9,"href":"https:\/\/multimeds.eu\/pt-pt\/wp-json\/wp\/v2\/product\/11591\/revisions"}],"predecessor-version":[{"id":11644,"href":"https:\/\/multimeds.eu\/pt-pt\/wp-json\/wp\/v2\/product\/11591\/revisions\/11644"}],"wp:featuredmedia":[{"embeddable":true,"href":"https:\/\/multimeds.eu\/pt-pt\/wp-json\/wp\/v2\/media\/11204"}],"wp:attachment":[{"href":"https:\/\/multimeds.eu\/pt-pt\/wp-json\/wp\/v2\/media?parent=11591"}],"wp:term":[{"taxonomy":"product-gammes","embeddable":true,"href":"https:\/\/multimeds.eu\/pt-pt\/wp-json\/wp\/v2\/product-gammes?post=11591"}],"curies":[{"name":"wp","href":"https:\/\/api.w.org\/{rel}","templated":true}]}}