{"id":11578,"date":"2023-12-05T17:56:49","date_gmt":"2023-12-05T16:56:49","guid":{"rendered":"https:\/\/multimeds.eu\/?post_type=product&#038;p=11578"},"modified":"2025-08-20T10:13:59","modified_gmt":"2025-08-20T08:13:59","slug":"estabelecimentos-saude","status":"publish","type":"product","link":"https:\/\/multimeds.eu\/pt-pt\/produits\/estabelecimentos-saude\/","title":{"rendered":"Para estabelecimentos de sa\u00fade"},"content":{"rendered":"<div class=\"container\"><div class=\"row\"><div class=\"medium-large-full\">\n<div class=\"wp-block-columns is-layout-flex wp-container-core-columns-is-layout-9d6595d7 wp-block-columns-is-layout-flex\">\n<div class=\"wp-block-column is-vertically-aligned-center is-layout-flow wp-block-column-is-layout-flow\"><div class=\"container\"><div class=\"row\"><div class=\"medium-large-full\">\n<figure class=\"wp-block-image size-large is-resized\"><img loading=\"lazy\" decoding=\"async\" width=\"1024\" height=\"683\" src=\"https:\/\/multimeds.equasens.com\/wp-content\/uploads\/2023\/12\/ehpad-etablissement-senior-multimeds-1024x683.webp\" alt=\"\" class=\"wp-image-7505\" style=\"aspect-ratio:4\/3;object-fit:cover;width:650px\" srcset=\"https:\/\/multimeds.eu\/wp-content\/uploads\/2023\/12\/ehpad-etablissement-senior-multimeds-1024x683.webp 1024w, https:\/\/multimeds.eu\/wp-content\/uploads\/2023\/12\/ehpad-etablissement-senior-multimeds-500x333.webp 500w, https:\/\/multimeds.eu\/wp-content\/uploads\/2023\/12\/ehpad-etablissement-senior-multimeds-768x512.webp 768w, https:\/\/multimeds.eu\/wp-content\/uploads\/2023\/12\/ehpad-etablissement-senior-multimeds.webp 1200w\" sizes=\"auto, (max-width: 1024px) 100vw, 1024px\" \/><\/figure>\n<\/div><\/div><\/div><\/div>\n\n\n\n<div class=\"wp-block-column is-layout-flow wp-block-column-is-layout-flow\"><div id=\"titre-perso-block_01e33f9a575fd56bb15d4a5bd0eed621\" class=\"titre-perso block-titre-perso\">\n\t<div class=\"container\">\n\t\t<div class=\"row\">\n\t\t\t<div class=\"medium-large-full flex-col\">\n\t\t\t\t<h2 class=\"title\" data-aos=\"fade-left\" data-aos-delay=\"100\">\n\t\t\t\t\t<span class=\"meta-suptitle\" data-aos=\"fade-right\" data-aos-delay=\"100\">Prepara\u00e7\u00e3o individualizada da medica\u00e7\u00e3o<\/span>\t\t\t\t\t<span class=\"meta-title\" data-aos=\"fade-right\" data-aos-delay=\"200\">\n\t\t\t\t\t\tPara estabelecimentos de sa\u00fade\t\t\t\t\t\t<!-- <div class=\"one-big-line-blue\" data-aos=\"fade-right\" data-aos-delay=\"300\"><\/div> -->\n\t\t\t\t\t<\/span>\n\t\t\t\t<\/h2>\n\t\t\t<\/div>\n\t\t<\/div>\n\t<\/div>\n<\/div>\n\n\n<div class=\"container\"><div class=\"row\"><div class=\"medium-large-full\">\n<p><strong>Proponha um novo servi\u00e7o na sua farm\u00e1cia e desenvolva tanto a rela\u00e7\u00e3o com os seus pacientes como as parcerias com os estabelecimentos de sa\u00fade, atrav\u00e9s das solu\u00e7\u00f5es Multimeds de prepara\u00e7\u00e3o individualizada da medica\u00e7\u00e3o, adaptadas tanto \u00e0 popula\u00e7\u00e3o em geral como \u00e0s institui\u00e7\u00f5es.<\/strong><\/p>\n<\/div><\/div><\/div>\n\n<div class=\"container\"><div class=\"row\"><div class=\"medium-large-full\">\n<p>Nos estabelecimentos de sa\u00fade, a prepara\u00e7\u00e3o e a dispensa de medicamentos representam um desafio di\u00e1rio: garantir a seguran\u00e7a dos pacientes, assegurar a conformidade das prescri\u00e7\u00f5es e otimizar o tempo das equipas. Entre o risco de erros de medica\u00e7\u00e3o, a complexidade dos tratamentos e o tempo despendido na prepara\u00e7\u00e3o manual das doses, os obst\u00e1culos s\u00e3o significativos.<\/p>\n<\/div><\/div><\/div>\n\n<div class=\"container\"><div class=\"row\"><div class=\"medium-large-full\">\n<p>A Multimeds responde a estes desafios ao confiar a prepara\u00e7\u00e3o dos blisters de medica\u00e7\u00e3o ao farmac\u00eautico, garantindo assim seguran\u00e7a, precis\u00e3o e efici\u00eancia.<\/p>\n<\/div><\/div><\/div>\n\n<div class=\"container\"><div class=\"row\"><div class=\"medium-large-full\">\n<p><strong>A nossa miss\u00e3o:<\/strong> permitir que a sua equipa se concentre no essencial \u2014 o cuidado e o acompanhamento dos pacientes.<\/p>\n<\/div><\/div><\/div>\n\n<div class=\"container\"><div class=\"row\"><div class=\"medium-large-full\">\n<h2 class=\"wp-block-heading\">Caracter\u00edsticas pr\u00e1ticas para o seu estabelecimento<\/h2>\n<\/div><\/div><\/div>\n\n<div class=\"container\"><div class=\"row\"><div class=\"medium-large-full\">\n<ul class=\"wp-block-list\"><div class=\"container\"><div class=\"row\"><div class=\"medium-large-full\">\n<li><strong>Sistema aut\u00f3nomo:<\/strong> A Multimeds adapta-se a todos os ambientes, oferecendo uma flexibilidade sem precedentes para as farm\u00e1cias hospitalares e outros estabelecimentos de sa\u00fade.<\/li>\n<\/div><\/div><\/div>\n\n<div class=\"container\"><div class=\"row\"><div class=\"medium-large-full\">\n<li><strong>Blisters de medica\u00e7\u00e3o personaliz\u00e1veis:<\/strong> Os nossos blisters, com design ergon\u00f3mico, foram especialmente concebidos para facilitar a manipula\u00e7\u00e3o por idosos e profissionais de sa\u00fade, com um formato A4 de f\u00e1cil leitura e um sistema patenteado <em>press &amp; go<\/em>.<\/li>\n<\/div><\/div><\/div><\/ul>\n<\/div><\/div><\/div>\n\n<div class=\"container\"><div class=\"row\"><div class=\"medium-large-full\">\n<div style=\"height:50px\" aria-hidden=\"true\" class=\"wp-block-spacer\"><\/div>\n<\/div><\/div><\/div><\/div>\n<\/div>\n<\/div><\/div><\/div>\n\n<div class=\"container\"><div class=\"row\"><div class=\"medium-large-full\">\n<div class=\"wp-block-columns is-layout-flex wp-container-core-columns-is-layout-9d6595d7 wp-block-columns-is-layout-flex\">\n<div class=\"wp-block-column is-layout-flow wp-block-column-is-layout-flow\"><section id=\"etapes-block_b48557e49825bb7b7d50a23691350b4c\" class=\"etapes block-etapes\" data-aos=\"fade-right\" data-aos-delay=\"100\">\n\t\t\t<div class=\"step-number flex flex-center-middle\">1<\/div>\n\t\t<div class=\"step-content\">\n\t\t\n<div class=\"container\"><div class=\"row\"><div class=\"medium-large-full\">\n<p><strong><strong><strong>Seguran\u00e7a e Rastreabilidade das doses<\/strong><\/strong><br><\/strong>Reforce a seguran\u00e7a do doente atrav\u00e9s de um controlo refor\u00e7ado da rastreabilidade dos medicamentos, incluindo o acompanhamento dos n\u00fameros de lote e das datas de validade.<\/p>\n<\/div><\/div><\/div>\n\n\t<\/div>\n<\/section>\n<\/div>\n\n\n\n<div class=\"wp-block-column is-layout-flow wp-block-column-is-layout-flow\"><section id=\"etapes-block_fe0989fcb99fc714a55fd2877a171807\" class=\"etapes block-etapes\" data-aos=\"fade-right\" data-aos-delay=\"100\">\n\t\t\t<div class=\"step-number flex flex-center-middle\">2<\/div>\n\t\t<div class=\"step-content\">\n\t\t\n<div class=\"container\"><div class=\"row\"><div class=\"medium-large-full\">\n<p><strong>Un p<strong>Uma equipa focada nos cuidados<\/strong><br><\/strong>A Multimeds liberta a equipa de sa\u00fade do seu estabelecimento da prepara\u00e7\u00e3o das doses e reduz o tempo necess\u00e1rio para a distribui\u00e7\u00e3o.<\/p>\n<\/div><\/div><\/div>\n\n\t<\/div>\n<\/section>\n<\/div>\n\n\n\n<div class=\"wp-block-column is-layout-flow wp-block-column-is-layout-flow\"><section id=\"etapes-block_ab288264af3322e95dadf602d39d8e3a\" class=\"etapes block-etapes\" data-aos=\"fade-right\" data-aos-delay=\"100\">\n\t\t\t<div class=\"step-number flex flex-center-middle\">3<\/div>\n\t\t<div class=\"step-content\">\n\t\t\n<div class=\"container\"><div class=\"row\"><div class=\"medium-large-full\">\n<p><strong><strong><strong><strong>Melhoria da ades\u00e3o terap\u00eautica<\/strong><\/strong><\/strong><br><\/strong>As nossas solu\u00e7\u00f5es promovem uma gest\u00e3o mais eficaz dos tratamentos, reduzindo os erros de medica\u00e7\u00e3o e melhorando a ades\u00e3o dos pacientes.<\/p>\n<\/div><\/div><\/div>\n\n\t<\/div>\n<\/section>\n<\/div>\n<\/div>\n<\/div><\/div><\/div>\n\n<section id=\"fullwidth-block_c94d33417c0c395379babd4a57728728\" class=\"fullwidth block-fullwidth is-style-background-gray\" data-aos=\"fade-down\">\n    \n<div id=\"titre-perso-block_1b5e399e6b761ab894f59d7e821d0558\" class=\"titre-perso block-titre-perso\">\n\t<div class=\"container\">\n\t\t<div class=\"row\">\n\t\t\t<div class=\"medium-large-full flex-col\">\n\t\t\t\t<h2 class=\"title\" data-aos=\"fade-left\" data-aos-delay=\"100\">\n\t\t\t\t\t\t\t\t\t\t<span class=\"meta-title\" data-aos=\"fade-right\" data-aos-delay=\"200\">\n\t\t\t\t\t\tDescubra as solu\u00e7\u00f5es Multimeds\t\t\t\t\t\t<!-- <div class=\"one-big-line-blue\" data-aos=\"fade-right\" data-aos-delay=\"300\"><\/div> -->\n\t\t\t\t\t<\/span>\n\t\t\t\t<\/h2>\n\t\t\t<\/div>\n\t\t<\/div>\n\t<\/div>\n<\/div>\n\n\n<section id=\"produits-block_1313a09c1b446f5e2cc7cf5f0c01a336\" class=\"produits block-produits\">\n    <div class=\"container\">\n        \t\t\t<div class=\"row medium-half large-third\">\n\t\t\t\t\t\t\t\t\t\t\t<a class=\"wrap-product\" href=\"https:\/\/multimeds.eu\/pt-pt\/produits\/piluleiro-multimeds\/\">\n\t<article class=\"wrap-post\">\n\t\t<div class=\"post-image image-fit\">\n            <img loading=\"lazy\" decoding=\"async\" width=\"500\" height=\"333\" src=\"https:\/\/multimeds.eu\/wp-content\/uploads\/2023\/11\/home-bg-multimeds-500x333.webp\" class=\"attachment-medium size-medium wp-post-image\" alt=\"\" srcset=\"https:\/\/multimeds.eu\/wp-content\/uploads\/2023\/11\/home-bg-multimeds-500x333.webp 500w, https:\/\/multimeds.eu\/wp-content\/uploads\/2023\/11\/home-bg-multimeds-1024x683.webp 1024w, https:\/\/multimeds.eu\/wp-content\/uploads\/2023\/11\/home-bg-multimeds-768x512.webp 768w, https:\/\/multimeds.eu\/wp-content\/uploads\/2023\/11\/home-bg-multimeds-1536x1024.webp 1536w, https:\/\/multimeds.eu\/wp-content\/uploads\/2023\/11\/home-bg-multimeds.webp 1920w\" sizes=\"auto, (max-width: 500px) 100vw, 500px\" \/>\t\t<\/div>\n\t\t<div class=\"post-content\">\n\t\t\t<h2 class=\"post-title\">Piluleiro Multimeds<\/h2>\n\t\t\t<p>O Piluleiro Multimeds \u00e9 uma solu\u00e7\u00e3o inovadora e pr\u00e1tica para a gest\u00e3o da prepara\u00e7\u00e3o individualizada da medica\u00e7\u00e3o. Associado \u00e0 utiliza\u00e7\u00e3o do software Multimeds 2.0, a produ\u00e7\u00e3o dos piluleiros \u00e9 segura e otimizada. Caracter\u00edsticas principais<\/p>\n\t\t<\/div>\n\t<\/article>\n<\/a>\n\t\t\t\t\t\t\t\t\t\t\t<a class=\"wrap-product\" href=\"https:\/\/multimeds.eu\/pt-pt\/produits\/robo-multimeds\/\">\n\t<article class=\"wrap-post\">\n\t\t<div class=\"post-image image-fit\">\n            <img loading=\"lazy\" decoding=\"async\" width=\"500\" height=\"333\" src=\"https:\/\/multimeds.eu\/wp-content\/uploads\/2023\/11\/production-organisation-robot-multimeds-500x333.webp\" class=\"attachment-medium size-medium wp-post-image\" alt=\"\" srcset=\"https:\/\/multimeds.eu\/wp-content\/uploads\/2023\/11\/production-organisation-robot-multimeds-500x333.webp 500w, https:\/\/multimeds.eu\/wp-content\/uploads\/2023\/11\/production-organisation-robot-multimeds-1024x683.webp 1024w, https:\/\/multimeds.eu\/wp-content\/uploads\/2023\/11\/production-organisation-robot-multimeds-768x512.webp 768w, https:\/\/multimeds.eu\/wp-content\/uploads\/2023\/11\/production-organisation-robot-multimeds.webp 1200w\" sizes=\"auto, (max-width: 500px) 100vw, 500px\" \/>\t\t<\/div>\n\t\t<div class=\"post-content\">\n\t\t\t<h2 class=\"post-title\">Rob\u00f4 Multimeds<\/h2>\n\t\t\t<p>O Rob\u00f4 Multimeds \u00e9 a solu\u00e7\u00e3o perfeita para farm\u00e1cias que querem otimizar e automatizar a prepara\u00e7\u00e3o dos piluleiros. Com ele, a produtividade cresce de forma significativa, garantindo sempre uma gest\u00e3o segura da medica\u00e7\u00e3o e a total rastreabilidade dos medicamentos.<\/p>\n\t\t<\/div>\n\t<\/article>\n<\/a>\n\t\t\t\t\t\t\t\t\t\t\t<a class=\"wrap-product\" href=\"https:\/\/multimeds.eu\/pt-pt\/produits\/software-multimeds\/\">\n\t<article class=\"wrap-post\">\n\t\t<div class=\"post-image image-fit\">\n            <img loading=\"lazy\" decoding=\"async\" width=\"300\" height=\"200\" src=\"https:\/\/multimeds.eu\/wp-content\/uploads\/2022\/11\/PHOTO_NOUVEAUX_SERVICES_PATIENTS-300x200.png\" class=\"attachment-medium size-medium wp-post-image\" alt=\"\" srcset=\"https:\/\/multimeds.eu\/wp-content\/uploads\/2022\/11\/PHOTO_NOUVEAUX_SERVICES_PATIENTS-300x200.png 300w, https:\/\/multimeds.eu\/wp-content\/uploads\/2022\/11\/PHOTO_NOUVEAUX_SERVICES_PATIENTS-1024x683.png 1024w, https:\/\/multimeds.eu\/wp-content\/uploads\/2022\/11\/PHOTO_NOUVEAUX_SERVICES_PATIENTS-768x512.png 768w, https:\/\/multimeds.eu\/wp-content\/uploads\/2022\/11\/PHOTO_NOUVEAUX_SERVICES_PATIENTS-1536x1024.png 1536w, https:\/\/multimeds.eu\/wp-content\/uploads\/2022\/11\/PHOTO_NOUVEAUX_SERVICES_PATIENTS-2048x1365.png 2048w\" sizes=\"auto, (max-width: 300px) 100vw, 300px\" \/>\t\t<\/div>\n\t\t<div class=\"post-content\">\n\t\t\t<h2 class=\"post-title\">Software Multimeds 2.0<\/h2>\n\t\t\t<p>O software Multimeds 2.0 \u00e9 uma solu\u00e7\u00e3o de dispensa\u00e7\u00e3o individualizada da medica\u00e7\u00e3o. Concebido para as farm\u00e1cias comunit\u00e1rias, este software responde \u00e0s crescentes necessidades de personaliza\u00e7\u00e3o e de seguran\u00e7a dos tratamentos medicamentosos.<\/p>\n\t\t<\/div>\n\t<\/article>\n<\/a>\n\t\t\t\t\t\t\t\t<\/div>\n            <\/div>\n<\/section>\n\n\n<\/section>\n\n\n<div class=\"container\"><div class=\"row\"><div class=\"medium-large-full\"><div class=\"container\"><div class=\"row\"><div class=\"medium-large-full\"><section id=\"fullwidth-block_310fbdf6747e9c35a013a4f10954d097\" class=\"fullwidth block-fullwidth is-style-background-cta-multimeds\" data-aos=\"fade-down\">\n    \n<div class=\"container\"><div class=\"row\"><div class=\"medium-large-full\">\n<div class=\"wp-block-columns is-layout-flex wp-container-core-columns-is-layout-9d6595d7 wp-block-columns-is-layout-flex\">\n<div class=\"wp-block-column is-vertically-aligned-center is-layout-flow wp-block-column-is-layout-flow\" style=\"flex-basis:80%\"><div class=\"container\"><div class=\"row\"><div class=\"medium-large-full\">\n<h3 class=\"wp-block-heading has-black-color has-text-color\">Deseja mais informa\u00e7\u00f5es?<\/h3>\n<\/div><\/div><\/div><\/div>\n\n\n\n<div class=\"wp-block-column is-layout-flow wp-block-column-is-layout-flow\" style=\"flex-basis:20%\"><div class=\"container\"><div class=\"row\"><div class=\"medium-large-full\">\n<div class=\"wp-block-buttons is-layout-flex wp-block-buttons-is-layout-flex\">\n<div class=\"wp-block-button\"><a class=\"wp-block-button__link wp-element-button\" href=\"https:\/\/multimeds.eu\/pt-pt\/contacte-nos\/\">Contacte-nos<\/a><\/div>\n<\/div>\n<\/div><\/div><\/div><\/div>\n<\/div>\n<\/div><\/div><\/div>\n\n<\/section>\n<\/div><\/div><\/div><\/div><\/div><\/div>","protected":false},"excerpt":{"rendered":"<p>Proponha um novo servi\u00e7o na sua farm\u00e1cia e desenvolva tanto a rela\u00e7\u00e3o com os seus pacientes como as parcerias com os estabelecimentos de sa\u00fade, atrav\u00e9s das solu\u00e7\u00f5es Multimeds de prepara\u00e7\u00e3o individualizada da medica\u00e7\u00e3o, adaptadas tanto \u00e0 popula\u00e7\u00e3o em geral como \u00e0s institui\u00e7\u00f5es. Nos estabelecimentos de sa\u00fade, a prepara\u00e7\u00e3o e a dispensa de medicamentos representam um [&hellip;]<\/p>\n","protected":false},"featured_media":11166,"template":"","product-gammes":[111],"class_list":["post-11578","product","type-product","status-publish","has-post-thumbnail","hentry","product-gammes-voce-e"],"acf":[],"yoast_head":"<!-- This site is optimized with the Yoast SEO plugin v27.4 - https:\/\/yoast.com\/product\/yoast-seo-wordpress\/ -->\n<title>Para estabelecimentos de sa\u00fade - Multimeds<\/title>\n<meta name=\"description\" content=\"Proponha um novo servi\u00e7o na sua farm\u00e1cia e desenvolva tanto a rela\u00e7\u00e3o com os seus pacientes como as parcerias com os estabelecimentos de sa\u00fade, atrav\u00e9s das solu\u00e7\u00f5es Multimeds de prepara\u00e7\u00e3o individualizada da medica\u00e7\u00e3o, adaptadas tanto \u00e0 popula\u00e7\u00e3o em geral como \u00e0s institui\u00e7\u00f5es.\" \/>\n<meta name=\"robots\" content=\"index, follow, max-snippet:-1, max-image-preview:large, max-video-preview:-1\" \/>\n<link rel=\"canonical\" href=\"https:\/\/multimeds.eu\/pt-pt\/produits\/estabelecimentos-saude\/\" \/>\n<meta property=\"og:locale\" content=\"pt_PT\" \/>\n<meta property=\"og:type\" content=\"article\" \/>\n<meta property=\"og:title\" content=\"Para estabelecimentos de sa\u00fade - Multimeds\" \/>\n<meta property=\"og:description\" content=\"Proponha um novo servi\u00e7o na sua farm\u00e1cia e desenvolva tanto a rela\u00e7\u00e3o com os seus pacientes como as parcerias com os estabelecimentos de sa\u00fade, atrav\u00e9s das solu\u00e7\u00f5es Multimeds de prepara\u00e7\u00e3o individualizada da medica\u00e7\u00e3o, adaptadas tanto \u00e0 popula\u00e7\u00e3o em geral como \u00e0s institui\u00e7\u00f5es.\" \/>\n<meta property=\"og:url\" content=\"https:\/\/multimeds.eu\/pt-pt\/produits\/estabelecimentos-saude\/\" \/>\n<meta property=\"og:site_name\" content=\"Multimeds\" \/>\n<meta property=\"article:publisher\" content=\"https:\/\/www.facebook.com\/Pharmagest\/\" \/>\n<meta property=\"article:modified_time\" content=\"2025-08-20T08:13:59+00:00\" \/>\n<meta property=\"og:image\" content=\"https:\/\/multimeds.eu\/wp-content\/uploads\/2023\/11\/etablissement-solutions-multimeds.webp\" \/>\n\t<meta property=\"og:image:width\" content=\"1200\" \/>\n\t<meta property=\"og:image:height\" content=\"800\" \/>\n\t<meta property=\"og:image:type\" content=\"image\/webp\" \/>\n<meta name=\"twitter:card\" content=\"summary_large_image\" \/>\n<meta name=\"twitter:site\" content=\"@Pharmagest\" \/>\n<meta name=\"twitter:label1\" content=\"Tempo estimado de leitura\" \/>\n\t<meta name=\"twitter:data1\" content=\"6 minutos\" \/>\n<script type=\"application\/ld+json\" class=\"yoast-schema-graph\">{\"@context\":\"https:\\\/\\\/schema.org\",\"@graph\":[{\"@type\":\"WebPage\",\"@id\":\"https:\\\/\\\/multimeds.eu\\\/pt-pt\\\/produits\\\/estabelecimentos-saude\\\/\",\"url\":\"https:\\\/\\\/multimeds.eu\\\/pt-pt\\\/produits\\\/estabelecimentos-saude\\\/\",\"name\":\"Para estabelecimentos de sa\u00fade - Multimeds\",\"isPartOf\":{\"@id\":\"https:\\\/\\\/multimeds.eu\\\/pt-pt\\\/#website\"},\"primaryImageOfPage\":{\"@id\":\"https:\\\/\\\/multimeds.eu\\\/pt-pt\\\/produits\\\/estabelecimentos-saude\\\/#primaryimage\"},\"image\":{\"@id\":\"https:\\\/\\\/multimeds.eu\\\/pt-pt\\\/produits\\\/estabelecimentos-saude\\\/#primaryimage\"},\"thumbnailUrl\":\"https:\\\/\\\/multimeds.eu\\\/wp-content\\\/uploads\\\/2023\\\/11\\\/etablissement-solutions-multimeds.webp\",\"datePublished\":\"2023-12-05T16:56:49+00:00\",\"dateModified\":\"2025-08-20T08:13:59+00:00\",\"description\":\"Proponha um novo servi\u00e7o na sua farm\u00e1cia e desenvolva tanto a rela\u00e7\u00e3o com os seus pacientes como as parcerias com os estabelecimentos de sa\u00fade, atrav\u00e9s das solu\u00e7\u00f5es Multimeds de prepara\u00e7\u00e3o individualizada da medica\u00e7\u00e3o, adaptadas tanto \u00e0 popula\u00e7\u00e3o em geral como \u00e0s institui\u00e7\u00f5es.\",\"breadcrumb\":{\"@id\":\"https:\\\/\\\/multimeds.eu\\\/pt-pt\\\/produits\\\/estabelecimentos-saude\\\/#breadcrumb\"},\"inLanguage\":\"pt-PT\",\"potentialAction\":[{\"@type\":\"ReadAction\",\"target\":[\"https:\\\/\\\/multimeds.eu\\\/pt-pt\\\/produits\\\/estabelecimentos-saude\\\/\"]}]},{\"@type\":\"ImageObject\",\"inLanguage\":\"pt-PT\",\"@id\":\"https:\\\/\\\/multimeds.eu\\\/pt-pt\\\/produits\\\/estabelecimentos-saude\\\/#primaryimage\",\"url\":\"https:\\\/\\\/multimeds.eu\\\/wp-content\\\/uploads\\\/2023\\\/11\\\/etablissement-solutions-multimeds.webp\",\"contentUrl\":\"https:\\\/\\\/multimeds.eu\\\/wp-content\\\/uploads\\\/2023\\\/11\\\/etablissement-solutions-multimeds.webp\",\"width\":1200,\"height\":800},{\"@type\":\"BreadcrumbList\",\"@id\":\"https:\\\/\\\/multimeds.eu\\\/pt-pt\\\/produits\\\/estabelecimentos-saude\\\/#breadcrumb\",\"itemListElement\":[{\"@type\":\"ListItem\",\"position\":1,\"name\":\"Accueil\",\"item\":\"https:\\\/\\\/multimeds.eu\\\/pt-pt\\\/\"},{\"@type\":\"ListItem\",\"position\":2,\"name\":\"Para estabelecimentos de sa\u00fade\"}]},{\"@type\":\"WebSite\",\"@id\":\"https:\\\/\\\/multimeds.eu\\\/pt-pt\\\/#website\",\"url\":\"https:\\\/\\\/multimeds.eu\\\/pt-pt\\\/\",\"name\":\"Multimeds\",\"description\":\"Pr\u00e9pration des Doses \u00e0 Administrer\",\"publisher\":{\"@id\":\"https:\\\/\\\/multimeds.eu\\\/pt-pt\\\/#organization\"},\"potentialAction\":[{\"@type\":\"SearchAction\",\"target\":{\"@type\":\"EntryPoint\",\"urlTemplate\":\"https:\\\/\\\/multimeds.eu\\\/pt-pt\\\/?s={search_term_string}\"},\"query-input\":{\"@type\":\"PropertyValueSpecification\",\"valueRequired\":true,\"valueName\":\"search_term_string\"}}],\"inLanguage\":\"pt-PT\"},{\"@type\":\"Organization\",\"@id\":\"https:\\\/\\\/multimeds.eu\\\/pt-pt\\\/#organization\",\"name\":\"Multimeds\",\"url\":\"https:\\\/\\\/multimeds.eu\\\/pt-pt\\\/\",\"logo\":{\"@type\":\"ImageObject\",\"inLanguage\":\"pt-PT\",\"@id\":\"https:\\\/\\\/multimeds.eu\\\/pt-pt\\\/#\\\/schema\\\/logo\\\/image\\\/\",\"url\":\"https:\\\/\\\/multimeds.eu\\\/wp-content\\\/uploads\\\/2023\\\/10\\\/cropped-Logo_Multimeds.png\",\"contentUrl\":\"https:\\\/\\\/multimeds.eu\\\/wp-content\\\/uploads\\\/2023\\\/10\\\/cropped-Logo_Multimeds.png\",\"width\":3221,\"height\":699,\"caption\":\"Multimeds\"},\"image\":{\"@id\":\"https:\\\/\\\/multimeds.eu\\\/pt-pt\\\/#\\\/schema\\\/logo\\\/image\\\/\"},\"sameAs\":[\"https:\\\/\\\/www.facebook.com\\\/Pharmagest\\\/\",\"https:\\\/\\\/x.com\\\/Pharmagest\",\"https:\\\/\\\/www.linkedin.com\\\/company\\\/741276\"]}]}<\/script>\n<!-- \/ Yoast SEO plugin. -->","yoast_head_json":{"title":"Para estabelecimentos de sa\u00fade - Multimeds","description":"Proponha um novo servi\u00e7o na sua farm\u00e1cia e desenvolva tanto a rela\u00e7\u00e3o com os seus pacientes como as parcerias com os estabelecimentos de sa\u00fade, atrav\u00e9s das solu\u00e7\u00f5es Multimeds de prepara\u00e7\u00e3o individualizada da medica\u00e7\u00e3o, adaptadas tanto \u00e0 popula\u00e7\u00e3o em geral como \u00e0s institui\u00e7\u00f5es.","robots":{"index":"index","follow":"follow","max-snippet":"max-snippet:-1","max-image-preview":"max-image-preview:large","max-video-preview":"max-video-preview:-1"},"canonical":"https:\/\/multimeds.eu\/pt-pt\/produits\/estabelecimentos-saude\/","og_locale":"pt_PT","og_type":"article","og_title":"Para estabelecimentos de sa\u00fade - Multimeds","og_description":"Proponha um novo servi\u00e7o na sua farm\u00e1cia e desenvolva tanto a rela\u00e7\u00e3o com os seus pacientes como as parcerias com os estabelecimentos de sa\u00fade, atrav\u00e9s das solu\u00e7\u00f5es Multimeds de prepara\u00e7\u00e3o individualizada da medica\u00e7\u00e3o, adaptadas tanto \u00e0 popula\u00e7\u00e3o em geral como \u00e0s institui\u00e7\u00f5es.","og_url":"https:\/\/multimeds.eu\/pt-pt\/produits\/estabelecimentos-saude\/","og_site_name":"Multimeds","article_publisher":"https:\/\/www.facebook.com\/Pharmagest\/","article_modified_time":"2025-08-20T08:13:59+00:00","og_image":[{"width":1200,"height":800,"url":"https:\/\/multimeds.eu\/wp-content\/uploads\/2023\/11\/etablissement-solutions-multimeds.webp","type":"image\/webp"}],"twitter_card":"summary_large_image","twitter_site":"@Pharmagest","twitter_misc":{"Tempo estimado de leitura":"6 minutos"},"schema":{"@context":"https:\/\/schema.org","@graph":[{"@type":"WebPage","@id":"https:\/\/multimeds.eu\/pt-pt\/produits\/estabelecimentos-saude\/","url":"https:\/\/multimeds.eu\/pt-pt\/produits\/estabelecimentos-saude\/","name":"Para estabelecimentos de sa\u00fade - Multimeds","isPartOf":{"@id":"https:\/\/multimeds.eu\/pt-pt\/#website"},"primaryImageOfPage":{"@id":"https:\/\/multimeds.eu\/pt-pt\/produits\/estabelecimentos-saude\/#primaryimage"},"image":{"@id":"https:\/\/multimeds.eu\/pt-pt\/produits\/estabelecimentos-saude\/#primaryimage"},"thumbnailUrl":"https:\/\/multimeds.eu\/wp-content\/uploads\/2023\/11\/etablissement-solutions-multimeds.webp","datePublished":"2023-12-05T16:56:49+00:00","dateModified":"2025-08-20T08:13:59+00:00","description":"Proponha um novo servi\u00e7o na sua farm\u00e1cia e desenvolva tanto a rela\u00e7\u00e3o com os seus pacientes como as parcerias com os estabelecimentos de sa\u00fade, atrav\u00e9s das solu\u00e7\u00f5es Multimeds de prepara\u00e7\u00e3o individualizada da medica\u00e7\u00e3o, adaptadas tanto \u00e0 popula\u00e7\u00e3o em geral como \u00e0s institui\u00e7\u00f5es.","breadcrumb":{"@id":"https:\/\/multimeds.eu\/pt-pt\/produits\/estabelecimentos-saude\/#breadcrumb"},"inLanguage":"pt-PT","potentialAction":[{"@type":"ReadAction","target":["https:\/\/multimeds.eu\/pt-pt\/produits\/estabelecimentos-saude\/"]}]},{"@type":"ImageObject","inLanguage":"pt-PT","@id":"https:\/\/multimeds.eu\/pt-pt\/produits\/estabelecimentos-saude\/#primaryimage","url":"https:\/\/multimeds.eu\/wp-content\/uploads\/2023\/11\/etablissement-solutions-multimeds.webp","contentUrl":"https:\/\/multimeds.eu\/wp-content\/uploads\/2023\/11\/etablissement-solutions-multimeds.webp","width":1200,"height":800},{"@type":"BreadcrumbList","@id":"https:\/\/multimeds.eu\/pt-pt\/produits\/estabelecimentos-saude\/#breadcrumb","itemListElement":[{"@type":"ListItem","position":1,"name":"Accueil","item":"https:\/\/multimeds.eu\/pt-pt\/"},{"@type":"ListItem","position":2,"name":"Para estabelecimentos de sa\u00fade"}]},{"@type":"WebSite","@id":"https:\/\/multimeds.eu\/pt-pt\/#website","url":"https:\/\/multimeds.eu\/pt-pt\/","name":"Multimeds","description":"Pr\u00e9pration des Doses \u00e0 Administrer","publisher":{"@id":"https:\/\/multimeds.eu\/pt-pt\/#organization"},"potentialAction":[{"@type":"SearchAction","target":{"@type":"EntryPoint","urlTemplate":"https:\/\/multimeds.eu\/pt-pt\/?s={search_term_string}"},"query-input":{"@type":"PropertyValueSpecification","valueRequired":true,"valueName":"search_term_string"}}],"inLanguage":"pt-PT"},{"@type":"Organization","@id":"https:\/\/multimeds.eu\/pt-pt\/#organization","name":"Multimeds","url":"https:\/\/multimeds.eu\/pt-pt\/","logo":{"@type":"ImageObject","inLanguage":"pt-PT","@id":"https:\/\/multimeds.eu\/pt-pt\/#\/schema\/logo\/image\/","url":"https:\/\/multimeds.eu\/wp-content\/uploads\/2023\/10\/cropped-Logo_Multimeds.png","contentUrl":"https:\/\/multimeds.eu\/wp-content\/uploads\/2023\/10\/cropped-Logo_Multimeds.png","width":3221,"height":699,"caption":"Multimeds"},"image":{"@id":"https:\/\/multimeds.eu\/pt-pt\/#\/schema\/logo\/image\/"},"sameAs":["https:\/\/www.facebook.com\/Pharmagest\/","https:\/\/x.com\/Pharmagest","https:\/\/www.linkedin.com\/company\/741276"]}]}},"_links":{"self":[{"href":"https:\/\/multimeds.eu\/pt-pt\/wp-json\/wp\/v2\/product\/11578","targetHints":{"allow":["GET"]}}],"collection":[{"href":"https:\/\/multimeds.eu\/pt-pt\/wp-json\/wp\/v2\/product"}],"about":[{"href":"https:\/\/multimeds.eu\/pt-pt\/wp-json\/wp\/v2\/types\/product"}],"version-history":[{"count":8,"href":"https:\/\/multimeds.eu\/pt-pt\/wp-json\/wp\/v2\/product\/11578\/revisions"}],"predecessor-version":[{"id":11643,"href":"https:\/\/multimeds.eu\/pt-pt\/wp-json\/wp\/v2\/product\/11578\/revisions\/11643"}],"wp:featuredmedia":[{"embeddable":true,"href":"https:\/\/multimeds.eu\/pt-pt\/wp-json\/wp\/v2\/media\/11166"}],"wp:attachment":[{"href":"https:\/\/multimeds.eu\/pt-pt\/wp-json\/wp\/v2\/media?parent=11578"}],"wp:term":[{"taxonomy":"product-gammes","embeddable":true,"href":"https:\/\/multimeds.eu\/pt-pt\/wp-json\/wp\/v2\/product-gammes?post=11578"}],"curies":[{"name":"wp","href":"https:\/\/api.w.org\/{rel}","templated":true}]}}