{"id":11633,"date":"2024-09-25T09:22:54","date_gmt":"2024-09-25T07:22:54","guid":{"rendered":"https:\/\/multimeds.eu\/distributor\/"},"modified":"2025-08-20T10:03:23","modified_gmt":"2025-08-20T08:03:23","slug":"distribuidor","status":"publish","type":"page","link":"https:\/\/multimeds.eu\/pt-pt\/distribuidor\/","title":{"rendered":"Distribuidor"},"content":{"rendered":"<section id=\"fond-block_6658a547694032be269c92b3c0283c45\" class=\"fond block-fond\" data-aos=\"fade-down\">\n    \n<section id=\"fullwidth-block_4f47514c55562cf58837a1b526db35ce\" class=\"fullwidth block-fullwidth\" data-aos=\"fade-down\">\n    \n<div class=\"container\"><div class=\"row\"><div class=\"medium-large-full\">\n<h2 class=\"wp-block-heading\">Torne-se um Distribuidor Multimeds<\/h2>\n<\/div><\/div><\/div>\n\n<div class=\"container\"><div class=\"row\"><div class=\"medium-large-full\">\n<p><\/p>\n<\/div><\/div><\/div>\n\n<div class=\"container\"><div class=\"row\"><div class=\"medium-large-full\">\n<h3 class=\"wp-block-heading\">Oportunidades de Parceria<\/h3>\n<\/div><\/div><\/div>\n\n<div class=\"container\"><div class=\"row\"><div class=\"medium-large-full\">\n<p>Oferecemos duas op\u00e7\u00f5es atrativas de distribui\u00e7\u00e3o:<\/p>\n<\/div><\/div><\/div>\n\n<div class=\"container\"><div class=\"row\"><div class=\"medium-large-full\">\n<ul class=\"wp-block-list\"><div class=\"container\"><div class=\"row\"><div class=\"medium-large-full\">\n<li><strong>Solu\u00e7\u00e3o Multimeds Completa<\/strong>: Junte-se a n\u00f3s para fornecer a experi\u00eancia completa Multimeds aos seus clientes em qualquer lugar da Europa.<\/li>\n<\/div><\/div><\/div>\n\n<div class=\"container\"><div class=\"row\"><div class=\"medium-large-full\">\n<li><strong>Apenas Blisters<\/strong>: Concentre-se na distribui\u00e7\u00e3o das nossas embalagens inovadoras de blisters para uma oferta mais simplificada.<\/li>\n<\/div><\/div><\/div><\/ul>\n<\/div><\/div><\/div>\n\n<div class=\"container\"><div class=\"row\"><div class=\"medium-large-full\">\n<h3 class=\"wp-block-heading\">Vamos Conversar!<\/h3>\n<\/div><\/div><\/div>\n\n<div class=\"container\"><div class=\"row\"><div class=\"medium-large-full\">\n<p>Gostar\u00edamos muito de discutir como poderemos trabalhar juntos.<br>Se tiver interesse em tornar-se distribuidor ou em saber mais sobre as nossas op\u00e7\u00f5es de parceria, entre em contacto connosco.<\/p>\n<\/div><\/div><\/div>\n\n<div class=\"container\"><div class=\"row\"><div class=\"medium-large-full\">\n<div style=\"height:40px\" aria-hidden=\"true\" class=\"wp-block-spacer\"><\/div>\n<\/div><\/div><\/div>\n\n<div class=\"container\"><div class=\"row\"><div class=\"medium-large-full\">\n<div class=\"wp-block-buttons is-content-justification-center is-layout-flex wp-container-core-buttons-is-layout-16018d1d wp-block-buttons-is-layout-flex\">\n<div class=\"wp-block-button\"><a class=\"wp-block-button__link has-green-2-background-color has-background wp-element-button\" href=\"https:\/\/multimeds.eu\/pt-pt\/contactez-nous\/\"><strong><strong>Contacte-nos Hoje!<\/strong><\/strong><\/a><\/div>\n<\/div>\n<\/div><\/div><\/div>\n\n<\/section>\n\n\n<div class=\"wp-block-image is-style-default\"><div class=\"container\"><div class=\"row\"><div class=\"medium-large-full\">\n<figure class=\"aligncenter size-medium is-resized\"><img loading=\"lazy\" decoding=\"async\" width=\"500\" height=\"281\" src=\"https:\/\/multimeds.eu\/wp-content\/uploads\/2024\/09\/Sans-titre-500x281.jpeg\" alt=\"\" class=\"wp-image-9500\" style=\"aspect-ratio:4\/3;object-fit:cover;width:816px;height:auto\" srcset=\"https:\/\/multimeds.eu\/wp-content\/uploads\/2024\/09\/Sans-titre-500x281.jpeg 500w, https:\/\/multimeds.eu\/wp-content\/uploads\/2024\/09\/Sans-titre-1024x576.jpeg 1024w, https:\/\/multimeds.eu\/wp-content\/uploads\/2024\/09\/Sans-titre-768x432.jpeg 768w, https:\/\/multimeds.eu\/wp-content\/uploads\/2024\/09\/Sans-titre-1536x864.jpeg 1536w, https:\/\/multimeds.eu\/wp-content\/uploads\/2024\/09\/Sans-titre-2048x1152.jpeg 2048w\" sizes=\"auto, (max-width: 500px) 100vw, 500px\" \/><\/figure>\n<\/div><\/div><\/div><\/div>\n\n<\/section>\n","protected":false},"excerpt":{"rendered":"<p>Tem interesse em colaborar connosco como distribuidor Multimeds no seu pa\u00eds? Teremos todo o gosto em explorar oportunidades de parceria consigo!<\/p>\n","protected":false},"author":14,"featured_media":11285,"parent":0,"menu_order":6,"comment_status":"closed","ping_status":"closed","template":"","meta":{"footnotes":""},"class_list":["post-11633","page","type-page","status-publish","has-post-thumbnail","hentry"],"acf":[],"yoast_head":"<!-- This site is optimized with the Yoast SEO plugin v27.4 - https:\/\/yoast.com\/product\/yoast-seo-wordpress\/ -->\n<title>Distribuidor - Multimeds<\/title>\n<meta name=\"description\" content=\"Tem interesse em colaborar connosco como distribuidor Multimeds no seu pa\u00eds? Teremos todo o gosto em explorar oportunidades de parceria consigo!\" \/>\n<meta name=\"robots\" content=\"index, follow, max-snippet:-1, max-image-preview:large, max-video-preview:-1\" \/>\n<link rel=\"canonical\" href=\"https:\/\/multimeds.eu\/pt-pt\/distribuidor\/\" \/>\n<meta property=\"og:locale\" content=\"pt_PT\" \/>\n<meta property=\"og:type\" content=\"article\" \/>\n<meta property=\"og:title\" content=\"Distribuidor - Multimeds\" \/>\n<meta property=\"og:description\" content=\"Tem interesse em colaborar connosco como distribuidor Multimeds no seu pa\u00eds? Teremos todo o gosto em explorar oportunidades de parceria consigo!\" \/>\n<meta property=\"og:url\" content=\"https:\/\/multimeds.eu\/pt-pt\/distribuidor\/\" \/>\n<meta property=\"og:site_name\" content=\"Multimeds\" \/>\n<meta property=\"article:publisher\" content=\"https:\/\/www.facebook.com\/Pharmagest\/\" \/>\n<meta property=\"article:modified_time\" content=\"2025-08-20T08:03:23+00:00\" \/>\n<meta property=\"og:image\" content=\"https:\/\/multimeds.eu\/wp-content\/uploads\/2024\/09\/Sans-titre.jpeg\" \/>\n\t<meta property=\"og:image:width\" content=\"2240\" \/>\n\t<meta property=\"og:image:height\" content=\"1260\" \/>\n\t<meta property=\"og:image:type\" content=\"image\/jpeg\" \/>\n<meta name=\"twitter:card\" content=\"summary_large_image\" \/>\n<meta name=\"twitter:site\" content=\"@Pharmagest\" \/>\n<meta name=\"twitter:label1\" content=\"Tempo estimado de leitura\" \/>\n\t<meta name=\"twitter:data1\" content=\"1 minuto\" \/>\n<script type=\"application\/ld+json\" class=\"yoast-schema-graph\">{\"@context\":\"https:\\\/\\\/schema.org\",\"@graph\":[{\"@type\":\"WebPage\",\"@id\":\"https:\\\/\\\/multimeds.eu\\\/pt-pt\\\/distribuidor\\\/\",\"url\":\"https:\\\/\\\/multimeds.eu\\\/pt-pt\\\/distribuidor\\\/\",\"name\":\"Distribuidor - Multimeds\",\"isPartOf\":{\"@id\":\"https:\\\/\\\/multimeds.eu\\\/pt-pt\\\/#website\"},\"primaryImageOfPage\":{\"@id\":\"https:\\\/\\\/multimeds.eu\\\/pt-pt\\\/distribuidor\\\/#primaryimage\"},\"image\":{\"@id\":\"https:\\\/\\\/multimeds.eu\\\/pt-pt\\\/distribuidor\\\/#primaryimage\"},\"thumbnailUrl\":\"https:\\\/\\\/multimeds.eu\\\/wp-content\\\/uploads\\\/2024\\\/09\\\/Sans-titre.jpeg\",\"datePublished\":\"2024-09-25T07:22:54+00:00\",\"dateModified\":\"2025-08-20T08:03:23+00:00\",\"description\":\"Tem interesse em colaborar connosco como distribuidor Multimeds no seu pa\u00eds? Teremos todo o gosto em explorar oportunidades de parceria consigo!\",\"breadcrumb\":{\"@id\":\"https:\\\/\\\/multimeds.eu\\\/pt-pt\\\/distribuidor\\\/#breadcrumb\"},\"inLanguage\":\"pt-PT\",\"potentialAction\":[{\"@type\":\"ReadAction\",\"target\":[\"https:\\\/\\\/multimeds.eu\\\/pt-pt\\\/distribuidor\\\/\"]}]},{\"@type\":\"ImageObject\",\"inLanguage\":\"pt-PT\",\"@id\":\"https:\\\/\\\/multimeds.eu\\\/pt-pt\\\/distribuidor\\\/#primaryimage\",\"url\":\"https:\\\/\\\/multimeds.eu\\\/wp-content\\\/uploads\\\/2024\\\/09\\\/Sans-titre.jpeg\",\"contentUrl\":\"https:\\\/\\\/multimeds.eu\\\/wp-content\\\/uploads\\\/2024\\\/09\\\/Sans-titre.jpeg\",\"width\":2240,\"height\":1260},{\"@type\":\"BreadcrumbList\",\"@id\":\"https:\\\/\\\/multimeds.eu\\\/pt-pt\\\/distribuidor\\\/#breadcrumb\",\"itemListElement\":[{\"@type\":\"ListItem\",\"position\":1,\"name\":\"Accueil\",\"item\":\"https:\\\/\\\/multimeds.eu\\\/pt-pt\\\/\"},{\"@type\":\"ListItem\",\"position\":2,\"name\":\"Distribuidor\"}]},{\"@type\":\"WebSite\",\"@id\":\"https:\\\/\\\/multimeds.eu\\\/pt-pt\\\/#website\",\"url\":\"https:\\\/\\\/multimeds.eu\\\/pt-pt\\\/\",\"name\":\"Multimeds\",\"description\":\"Pr\u00e9pration des Doses \u00e0 Administrer\",\"publisher\":{\"@id\":\"https:\\\/\\\/multimeds.eu\\\/pt-pt\\\/#organization\"},\"potentialAction\":[{\"@type\":\"SearchAction\",\"target\":{\"@type\":\"EntryPoint\",\"urlTemplate\":\"https:\\\/\\\/multimeds.eu\\\/pt-pt\\\/?s={search_term_string}\"},\"query-input\":{\"@type\":\"PropertyValueSpecification\",\"valueRequired\":true,\"valueName\":\"search_term_string\"}}],\"inLanguage\":\"pt-PT\"},{\"@type\":\"Organization\",\"@id\":\"https:\\\/\\\/multimeds.eu\\\/pt-pt\\\/#organization\",\"name\":\"Multimeds\",\"url\":\"https:\\\/\\\/multimeds.eu\\\/pt-pt\\\/\",\"logo\":{\"@type\":\"ImageObject\",\"inLanguage\":\"pt-PT\",\"@id\":\"https:\\\/\\\/multimeds.eu\\\/pt-pt\\\/#\\\/schema\\\/logo\\\/image\\\/\",\"url\":\"https:\\\/\\\/multimeds.eu\\\/wp-content\\\/uploads\\\/2023\\\/10\\\/cropped-Logo_Multimeds.png\",\"contentUrl\":\"https:\\\/\\\/multimeds.eu\\\/wp-content\\\/uploads\\\/2023\\\/10\\\/cropped-Logo_Multimeds.png\",\"width\":3221,\"height\":699,\"caption\":\"Multimeds\"},\"image\":{\"@id\":\"https:\\\/\\\/multimeds.eu\\\/pt-pt\\\/#\\\/schema\\\/logo\\\/image\\\/\"},\"sameAs\":[\"https:\\\/\\\/www.facebook.com\\\/Pharmagest\\\/\",\"https:\\\/\\\/x.com\\\/Pharmagest\",\"https:\\\/\\\/www.linkedin.com\\\/company\\\/741276\"]}]}<\/script>\n<!-- \/ Yoast SEO plugin. -->","yoast_head_json":{"title":"Distribuidor - Multimeds","description":"Tem interesse em colaborar connosco como distribuidor Multimeds no seu pa\u00eds? Teremos todo o gosto em explorar oportunidades de parceria consigo!","robots":{"index":"index","follow":"follow","max-snippet":"max-snippet:-1","max-image-preview":"max-image-preview:large","max-video-preview":"max-video-preview:-1"},"canonical":"https:\/\/multimeds.eu\/pt-pt\/distribuidor\/","og_locale":"pt_PT","og_type":"article","og_title":"Distribuidor - Multimeds","og_description":"Tem interesse em colaborar connosco como distribuidor Multimeds no seu pa\u00eds? Teremos todo o gosto em explorar oportunidades de parceria consigo!","og_url":"https:\/\/multimeds.eu\/pt-pt\/distribuidor\/","og_site_name":"Multimeds","article_publisher":"https:\/\/www.facebook.com\/Pharmagest\/","article_modified_time":"2025-08-20T08:03:23+00:00","og_image":[{"width":2240,"height":1260,"url":"https:\/\/multimeds.eu\/wp-content\/uploads\/2024\/09\/Sans-titre.jpeg","type":"image\/jpeg"}],"twitter_card":"summary_large_image","twitter_site":"@Pharmagest","twitter_misc":{"Tempo estimado de leitura":"1 minuto"},"schema":{"@context":"https:\/\/schema.org","@graph":[{"@type":"WebPage","@id":"https:\/\/multimeds.eu\/pt-pt\/distribuidor\/","url":"https:\/\/multimeds.eu\/pt-pt\/distribuidor\/","name":"Distribuidor - Multimeds","isPartOf":{"@id":"https:\/\/multimeds.eu\/pt-pt\/#website"},"primaryImageOfPage":{"@id":"https:\/\/multimeds.eu\/pt-pt\/distribuidor\/#primaryimage"},"image":{"@id":"https:\/\/multimeds.eu\/pt-pt\/distribuidor\/#primaryimage"},"thumbnailUrl":"https:\/\/multimeds.eu\/wp-content\/uploads\/2024\/09\/Sans-titre.jpeg","datePublished":"2024-09-25T07:22:54+00:00","dateModified":"2025-08-20T08:03:23+00:00","description":"Tem interesse em colaborar connosco como distribuidor Multimeds no seu pa\u00eds? Teremos todo o gosto em explorar oportunidades de parceria consigo!","breadcrumb":{"@id":"https:\/\/multimeds.eu\/pt-pt\/distribuidor\/#breadcrumb"},"inLanguage":"pt-PT","potentialAction":[{"@type":"ReadAction","target":["https:\/\/multimeds.eu\/pt-pt\/distribuidor\/"]}]},{"@type":"ImageObject","inLanguage":"pt-PT","@id":"https:\/\/multimeds.eu\/pt-pt\/distribuidor\/#primaryimage","url":"https:\/\/multimeds.eu\/wp-content\/uploads\/2024\/09\/Sans-titre.jpeg","contentUrl":"https:\/\/multimeds.eu\/wp-content\/uploads\/2024\/09\/Sans-titre.jpeg","width":2240,"height":1260},{"@type":"BreadcrumbList","@id":"https:\/\/multimeds.eu\/pt-pt\/distribuidor\/#breadcrumb","itemListElement":[{"@type":"ListItem","position":1,"name":"Accueil","item":"https:\/\/multimeds.eu\/pt-pt\/"},{"@type":"ListItem","position":2,"name":"Distribuidor"}]},{"@type":"WebSite","@id":"https:\/\/multimeds.eu\/pt-pt\/#website","url":"https:\/\/multimeds.eu\/pt-pt\/","name":"Multimeds","description":"Pr\u00e9pration des Doses \u00e0 Administrer","publisher":{"@id":"https:\/\/multimeds.eu\/pt-pt\/#organization"},"potentialAction":[{"@type":"SearchAction","target":{"@type":"EntryPoint","urlTemplate":"https:\/\/multimeds.eu\/pt-pt\/?s={search_term_string}"},"query-input":{"@type":"PropertyValueSpecification","valueRequired":true,"valueName":"search_term_string"}}],"inLanguage":"pt-PT"},{"@type":"Organization","@id":"https:\/\/multimeds.eu\/pt-pt\/#organization","name":"Multimeds","url":"https:\/\/multimeds.eu\/pt-pt\/","logo":{"@type":"ImageObject","inLanguage":"pt-PT","@id":"https:\/\/multimeds.eu\/pt-pt\/#\/schema\/logo\/image\/","url":"https:\/\/multimeds.eu\/wp-content\/uploads\/2023\/10\/cropped-Logo_Multimeds.png","contentUrl":"https:\/\/multimeds.eu\/wp-content\/uploads\/2023\/10\/cropped-Logo_Multimeds.png","width":3221,"height":699,"caption":"Multimeds"},"image":{"@id":"https:\/\/multimeds.eu\/pt-pt\/#\/schema\/logo\/image\/"},"sameAs":["https:\/\/www.facebook.com\/Pharmagest\/","https:\/\/x.com\/Pharmagest","https:\/\/www.linkedin.com\/company\/741276"]}]}},"_links":{"self":[{"href":"https:\/\/multimeds.eu\/pt-pt\/wp-json\/wp\/v2\/pages\/11633","targetHints":{"allow":["GET"]}}],"collection":[{"href":"https:\/\/multimeds.eu\/pt-pt\/wp-json\/wp\/v2\/pages"}],"about":[{"href":"https:\/\/multimeds.eu\/pt-pt\/wp-json\/wp\/v2\/types\/page"}],"author":[{"embeddable":true,"href":"https:\/\/multimeds.eu\/pt-pt\/wp-json\/wp\/v2\/users\/14"}],"replies":[{"embeddable":true,"href":"https:\/\/multimeds.eu\/pt-pt\/wp-json\/wp\/v2\/comments?post=11633"}],"version-history":[{"count":2,"href":"https:\/\/multimeds.eu\/pt-pt\/wp-json\/wp\/v2\/pages\/11633\/revisions"}],"predecessor-version":[{"id":11638,"href":"https:\/\/multimeds.eu\/pt-pt\/wp-json\/wp\/v2\/pages\/11633\/revisions\/11638"}],"wp:featuredmedia":[{"embeddable":true,"href":"https:\/\/multimeds.eu\/pt-pt\/wp-json\/wp\/v2\/media\/11285"}],"wp:attachment":[{"href":"https:\/\/multimeds.eu\/pt-pt\/wp-json\/wp\/v2\/media?parent=11633"}],"curies":[{"name":"wp","href":"https:\/\/api.w.org\/{rel}","templated":true}]}}