{"id":11500,"date":"2022-11-15T14:39:58","date_gmt":"2022-11-15T13:39:58","guid":{"rendered":"https:\/\/multimeds.eu\/avisos-legais\/"},"modified":"2025-08-19T11:55:49","modified_gmt":"2025-08-19T09:55:49","slug":"avisos-legais","status":"publish","type":"page","link":"https:\/\/multimeds.eu\/pt-pt\/avisos-legais\/","title":{"rendered":"Avisos legais"},"content":{"rendered":"<div class=\"container\"><div class=\"row\"><div class=\"medium-large-full\">\n<p>A sede social encontra-se localizada na 5 all\u00e9e de Saint-Cloud, Villers-L\u00e8s-Nancy.<\/p>\n<\/div><\/div><\/div><div class=\"container\"><div class=\"row\"><div class=\"medium-large-full\">\n<p><strong>Email : <\/strong><a href=\"mailto:contact@equasens.com\">contact@equasens.com<\/a><br\/><strong>T\u00e9l.<\/strong> 08 20 90 81 00 <\/p>\n<\/div><\/div><\/div><div class=\"container\"><div class=\"row\"><div class=\"medium-large-full\">\n<p><strong>RCS<\/strong> Nancy B 403 561 137<br\/><strong>N\u00b0 TVA FR :<\/strong> 39403561137<br\/><strong>Siret :<\/strong> 403 561 137 002 05<\/p>\n<\/div><\/div><\/div><div class=\"container\"><div class=\"row\"><div class=\"medium-large-full\">\n<p><strong>Diretor da publica\u00e7\u00e3o:<\/strong> Denis Supplisson<\/p>\n<\/div><\/div><\/div><div class=\"container\"><div class=\"row\"><div class=\"medium-large-full\">\n<h2 class=\"wp-block-heading\">Hospedagem<\/h2>\n<\/div><\/div><\/div><div class=\"container\"><div class=\"row\"><div class=\"medium-large-full\">\n<p>Equasens<br\/>5 All\u00e9e de Saint-Cloud<br\/>54600 VILLERS-L\u00c8S-NANCY<\/p>\n<\/div><\/div><\/div><div class=\"container\"><div class=\"row\"><div class=\"medium-large-full\">\n<h2 class=\"wp-block-heading\">Condi\u00e7\u00f5es Gerais de Utiliza\u00e7\u00e3o<\/h2>\n<\/div><\/div><\/div><div class=\"container\"><div class=\"row\"><div class=\"medium-large-full\">\n<p>O uso deste servi\u00e7o \u00e9 reservado exclusivamente para fins pessoais.<\/p>\n<\/div><\/div><\/div><div class=\"container\"><div class=\"row\"><div class=\"medium-large-full\">\n<p>\u00c9 estritamente proibida a reprodu\u00e7\u00e3o ou representa\u00e7\u00e3o, no todo ou em parte, para quaisquer outros fins e em qualquer tipo de suporte, sem autoriza\u00e7\u00e3o pr\u00e9via e expressa do Grupo Equasens, constituindo tal ato uma infra\u00e7\u00e3o nos termos dos artigos L 335-2 e seguintes do C\u00f3digo da Propriedade Intelectual.<\/p>\n<\/div><\/div><\/div><div class=\"container\"><div class=\"row\"><div class=\"medium-large-full\">\n<p>O n\u00e3o cumprimento desta proibi\u00e7\u00e3o configura uma infra\u00e7\u00e3o que pode acarretar responsabilidade civil e criminal para o infrator.<\/p>\n<\/div><\/div><\/div><div class=\"container\"><div class=\"row\"><div class=\"medium-large-full\">\n<p>As informa\u00e7\u00f5es disponibilizadas neste servi\u00e7o s\u00e3o meramente indicativas, n\u00e3o vinculativas e podem ser alteradas a qualquer momento sem aviso pr\u00e9vio.<\/p>\n<\/div><\/div><\/div><div class=\"container\"><div class=\"row\"><div class=\"medium-large-full\">\n<p>Os links de hipertexto presentes no site da Multimeds que remetam para outros sites ou, de forma geral, para quaisquer recursos dispon\u00edveis na internet, n\u00e3o envolvem a responsabilidade da empresa.<\/p>\n<\/div><\/div><\/div><div class=\"container\"><div class=\"row\"><div class=\"medium-large-full\">\n<h2 class=\"wp-block-heading\">Reprodu\u00e7\u00e3o em suporte de papel<\/h2>\n<\/div><\/div><\/div><div class=\"container\"><div class=\"row\"><div class=\"medium-large-full\">\n<p>Com exce\u00e7\u00e3o da iconografia, a reprodu\u00e7\u00e3o das p\u00e1ginas deste site em suporte de papel \u00e9 autorizada, desde que sejam respeitadas as tr\u00eas condi\u00e7\u00f5es seguintes:<br\/>&#8211; Gratuitidade da difus\u00e3o<br\/>&#8211; Respeito pela integridade dos documentos reproduzidos (sem qualquer modifica\u00e7\u00e3o ou altera\u00e7\u00e3o)<br\/>&#8211; Cita\u00e7\u00e3o expl\u00edcita do site www.multimeds.eu como fonte e men\u00e7\u00e3o de que os direitos de reprodu\u00e7\u00e3o est\u00e3o reservados e estritamente limitados<\/p>\n<\/div><\/div><\/div><div class=\"container\"><div class=\"row\"><div class=\"medium-large-full\">\n<h2 class=\"wp-block-heading\">Reprodu\u00e7\u00e3o em suporte eletr\u00f3nico<\/h2>\n<\/div><\/div><\/div><div class=\"container\"><div class=\"row\"><div class=\"medium-large-full\">\n<p>\u00c9 permitida a reprodu\u00e7\u00e3o, no todo ou em parte, deste site em suporte eletr\u00f3nico, sob a condi\u00e7\u00e3o de indica\u00e7\u00e3o clara e vis\u00edvel da fonte www.multimeds.eu e da men\u00e7\u00e3o &#8220;Direitos reservados&#8221;.<\/p>\n<\/div><\/div><\/div><div class=\"container\"><div class=\"row\"><div class=\"medium-large-full\">\n<p>As informa\u00e7\u00f5es disponibilizadas s\u00f3 podem ser utilizadas para fins pessoais, associativos ou profissionais, ficando expressamente exclu\u00edda qualquer utiliza\u00e7\u00e3o com fins comerciais ou publicit\u00e1rios.<\/p>\n<\/div><\/div><\/div><div class=\"container\"><div class=\"row\"><div class=\"medium-large-full\">\n<h2 class=\"wp-block-heading\">Cria\u00e7\u00e3o de hiperliga\u00e7\u00f5es para o site www.multimeds.eu<\/h2>\n<\/div><\/div><\/div><div class=\"container\"><div class=\"row\"><div class=\"medium-large-full\">\n<p>A Multimeds permite a coloca\u00e7\u00e3o de links de hipertexto que apontem para o seu conte\u00fado, desde que sejam cumpridas as seguintes condi\u00e7\u00f5es:<\/p>\n<\/div><\/div><\/div><div class=\"container\"><div class=\"row\"><div class=\"medium-large-full\">\n<p>\u00c9 proibida a utiliza\u00e7\u00e3o da t\u00e9cnica de \u201cdeep linking\u201d, significando que as p\u00e1ginas do site (multimeds.eu) n\u00e3o podem ser integradas em p\u00e1ginas de outro site, devendo ser sempre acess\u00edveis mediante a abertura de uma nova janela.<\/p>\n<\/div><\/div><\/div><div class=\"container\"><div class=\"row\"><div class=\"medium-large-full\">\n<p>\u00c9 obrigat\u00f3ria a men\u00e7\u00e3o da fonte, atrav\u00e9s de um link de hipertexto que aponte diretamente para o conte\u00fado em quest\u00e3o.<\/p>\n<\/div><\/div><\/div><div class=\"container\"><div class=\"row\"><div class=\"medium-large-full\">\n<p>As informa\u00e7\u00f5es disponibilizadas s\u00f3 podem ser utilizadas para fins pessoais, associativos ou profissionais, ficando expressamente exclu\u00edda qualquer utiliza\u00e7\u00e3o com fins comerciais ou publicit\u00e1rios.<\/p>\n<\/div><\/div><\/div><div class=\"container\"><div class=\"row\"><div class=\"medium-large-full\">\n<p>Aten\u00e7\u00e3o: Esta autoriza\u00e7\u00e3o n\u00e3o se aplica a websites que divulguem conte\u00fados de natureza pol\u00e9mica, pornogr\u00e1fica, xen\u00f3foba ou que, de forma mais abrangente, possam atentar contra a sensibilidade do p\u00fablico em geral. <\/p>\n<\/div><\/div><\/div><div class=\"container\"><div class=\"row\"><div class=\"medium-large-full\">\n<p>Para qualquer outra forma de utiliza\u00e7\u00e3o, dever\u00e1 ser efetuado um pedido pr\u00e9vio de autoriza\u00e7\u00e3o junto de n\u00f3s.<\/p>\n<\/div><\/div><\/div><div class=\"container\"><div class=\"row\"><div class=\"medium-large-full\">\n<h2 class=\"wp-block-heading\">Iconografia<\/h2>\n<\/div><\/div><\/div><div class=\"container\"><div class=\"row\"><div class=\"medium-large-full\">\n<p><strong>Cr\u00e9ditos fotogr\u00e1ficos:<\/strong> Equasens &#8211; Multimeds<br\/><\/p>\n<\/div><\/div><\/div><div class=\"container\"><div class=\"row\"><div class=\"medium-large-full\">\n<h2 class=\"wp-block-heading\">Privacidade e prote\u00e7\u00e3o de dados pessoais<\/h2>\n<\/div><\/div><\/div><div class=\"container\"><div class=\"row\"><div class=\"medium-large-full\">\n<p>Nos termos da Lei da Inform\u00e1tica e das Liberdades n.\u00ba 78-17, de 6 de janeiro de 1978, o utilizador pode, em qualquer momento, alterar ou apagar os dados fornecidos aquando da sua inscri\u00e7\u00e3o. Tratando-se de informa\u00e7\u00f5es de car\u00e1ter confidencial, o Grupo Equasens compromete-se a assegurar a sua prote\u00e7\u00e3o. Para mais detalhes, <a href=\"https:\/\/equasens.com\/donnees-personnelles\/\">recomenda-se a consulta da p\u00e1gina dedicada aos dados pessoais.<\/a>  <\/p>\n<\/div><\/div><\/div><div class=\"container\"><div class=\"row\"><div class=\"medium-large-full\">\n<p>Vous disposez d&#8217;un droit d&#8217;acc\u00e8s, de modification, de rectification et de suppression des donn\u00e9es qui vous concernent (art. 34 de la loi &#8220;Informatique et Libert\u00e9s&#8221;). Vous pouvez exercer ce droit directement sur le site ou en nous contactant : <\/p>\n<\/div><\/div><\/div><div class=\"container\"><div class=\"row\"><div class=\"medium-large-full\">\n<p>Multimeds &#8211; Equasens<strong><br\/><\/strong>5 All\u00e9e de Saint-Cloud<br\/>54600 VILLERS-L\u00c8S-NANCY<\/p>\n<\/div><\/div><\/div><div class=\"container\"><div class=\"row\"><div class=\"medium-large-full\">\n<p><strong>Email : <\/strong><a href=\"mailto:bienvenue@billiotte.fr\">contact@equasens.com<\/a><\/p>\n<\/div><\/div><\/div><div class=\"container\"><div class=\"row\"><div class=\"medium-large-full\">\n<p><\/p>\n<\/div><\/div><\/div>","protected":false},"excerpt":{"rendered":"<p>A sede social encontra-se localizada na 5 all\u00e9e de Saint-Cloud, Villers-L\u00e8s-Nancy. Email : contact@equasens.comT\u00e9l. 08 20 90 81 00 RCS Nancy B 403 561 137N\u00b0 TVA FR : 39403561137Siret : 403 561 137 002 05 Diretor da publica\u00e7\u00e3o: Denis Supplisson Hospedagem Equasens5 All\u00e9e de Saint-Cloud54600 VILLERS-L\u00c8S-NANCY Condi\u00e7\u00f5es Gerais de Utiliza\u00e7\u00e3o O uso deste servi\u00e7o \u00e9 [&hellip;]<\/p>\n","protected":false},"author":14,"featured_media":0,"parent":0,"menu_order":30,"comment_status":"closed","ping_status":"closed","template":"","meta":{"footnotes":""},"class_list":["post-11500","page","type-page","status-publish","hentry"],"acf":[],"yoast_head":"<!-- This site is optimized with the Yoast SEO plugin v27.4 - https:\/\/yoast.com\/product\/yoast-seo-wordpress\/ -->\n<title>Notas legais e condi\u00e7\u00f5es gerais de utiliza\u00e7\u00e3o - Multimeds<\/title>\n<meta name=\"description\" content=\"Consulte as nossas men\u00e7\u00f5es legais para saber mais sobre os seus direitos e deveres relativamente \u00e0 prote\u00e7\u00e3o de dados, \u00e0 propriedade intelectual e \u00e0 responsabilidade no nosso website.\" \/>\n<meta name=\"robots\" content=\"index, follow, max-snippet:-1, max-image-preview:large, max-video-preview:-1\" \/>\n<link rel=\"canonical\" href=\"https:\/\/multimeds.eu\/pt-pt\/avisos-legais\/\" \/>\n<meta property=\"og:locale\" content=\"pt_PT\" \/>\n<meta property=\"og:type\" content=\"article\" \/>\n<meta property=\"og:title\" content=\"Notas legais e condi\u00e7\u00f5es gerais de utiliza\u00e7\u00e3o - Multimeds\" \/>\n<meta property=\"og:description\" content=\"Consulte as nossas men\u00e7\u00f5es legais para saber mais sobre os seus direitos e deveres relativamente \u00e0 prote\u00e7\u00e3o de dados, \u00e0 propriedade intelectual e \u00e0 responsabilidade no nosso website.\" \/>\n<meta property=\"og:url\" content=\"https:\/\/multimeds.eu\/pt-pt\/avisos-legais\/\" \/>\n<meta property=\"og:site_name\" content=\"Multimeds\" \/>\n<meta property=\"article:publisher\" content=\"https:\/\/www.facebook.com\/Pharmagest\/\" \/>\n<meta property=\"article:modified_time\" content=\"2025-08-19T09:55:49+00:00\" \/>\n<meta name=\"twitter:card\" content=\"summary_large_image\" \/>\n<meta name=\"twitter:site\" content=\"@Pharmagest\" \/>\n<meta name=\"twitter:label1\" content=\"Tempo estimado de leitura\" \/>\n\t<meta name=\"twitter:data1\" content=\"3 minutos\" \/>\n<script type=\"application\/ld+json\" class=\"yoast-schema-graph\">{\"@context\":\"https:\\\/\\\/schema.org\",\"@graph\":[{\"@type\":\"WebPage\",\"@id\":\"https:\\\/\\\/multimeds.eu\\\/pt-pt\\\/avisos-legais\\\/\",\"url\":\"https:\\\/\\\/multimeds.eu\\\/pt-pt\\\/avisos-legais\\\/\",\"name\":\"Notas legais e condi\u00e7\u00f5es gerais de utiliza\u00e7\u00e3o - Multimeds\",\"isPartOf\":{\"@id\":\"https:\\\/\\\/multimeds.eu\\\/pt-pt\\\/#website\"},\"datePublished\":\"2022-11-15T13:39:58+00:00\",\"dateModified\":\"2025-08-19T09:55:49+00:00\",\"description\":\"Consulte as nossas men\u00e7\u00f5es legais para saber mais sobre os seus direitos e deveres relativamente \u00e0 prote\u00e7\u00e3o de dados, \u00e0 propriedade intelectual e \u00e0 responsabilidade no nosso website.\",\"breadcrumb\":{\"@id\":\"https:\\\/\\\/multimeds.eu\\\/pt-pt\\\/avisos-legais\\\/#breadcrumb\"},\"inLanguage\":\"pt-PT\",\"potentialAction\":[{\"@type\":\"ReadAction\",\"target\":[\"https:\\\/\\\/multimeds.eu\\\/pt-pt\\\/avisos-legais\\\/\"]}]},{\"@type\":\"BreadcrumbList\",\"@id\":\"https:\\\/\\\/multimeds.eu\\\/pt-pt\\\/avisos-legais\\\/#breadcrumb\",\"itemListElement\":[{\"@type\":\"ListItem\",\"position\":1,\"name\":\"Accueil\",\"item\":\"https:\\\/\\\/multimeds.eu\\\/pt-pt\\\/\"},{\"@type\":\"ListItem\",\"position\":2,\"name\":\"Avisos legais\"}]},{\"@type\":\"WebSite\",\"@id\":\"https:\\\/\\\/multimeds.eu\\\/pt-pt\\\/#website\",\"url\":\"https:\\\/\\\/multimeds.eu\\\/pt-pt\\\/\",\"name\":\"Multimeds\",\"description\":\"Pr\u00e9pration des Doses \u00e0 Administrer\",\"publisher\":{\"@id\":\"https:\\\/\\\/multimeds.eu\\\/pt-pt\\\/#organization\"},\"potentialAction\":[{\"@type\":\"SearchAction\",\"target\":{\"@type\":\"EntryPoint\",\"urlTemplate\":\"https:\\\/\\\/multimeds.eu\\\/pt-pt\\\/?s={search_term_string}\"},\"query-input\":{\"@type\":\"PropertyValueSpecification\",\"valueRequired\":true,\"valueName\":\"search_term_string\"}}],\"inLanguage\":\"pt-PT\"},{\"@type\":\"Organization\",\"@id\":\"https:\\\/\\\/multimeds.eu\\\/pt-pt\\\/#organization\",\"name\":\"Multimeds\",\"url\":\"https:\\\/\\\/multimeds.eu\\\/pt-pt\\\/\",\"logo\":{\"@type\":\"ImageObject\",\"inLanguage\":\"pt-PT\",\"@id\":\"https:\\\/\\\/multimeds.eu\\\/pt-pt\\\/#\\\/schema\\\/logo\\\/image\\\/\",\"url\":\"https:\\\/\\\/multimeds.eu\\\/wp-content\\\/uploads\\\/2023\\\/10\\\/cropped-Logo_Multimeds.png\",\"contentUrl\":\"https:\\\/\\\/multimeds.eu\\\/wp-content\\\/uploads\\\/2023\\\/10\\\/cropped-Logo_Multimeds.png\",\"width\":3221,\"height\":699,\"caption\":\"Multimeds\"},\"image\":{\"@id\":\"https:\\\/\\\/multimeds.eu\\\/pt-pt\\\/#\\\/schema\\\/logo\\\/image\\\/\"},\"sameAs\":[\"https:\\\/\\\/www.facebook.com\\\/Pharmagest\\\/\",\"https:\\\/\\\/x.com\\\/Pharmagest\",\"https:\\\/\\\/www.linkedin.com\\\/company\\\/741276\"]}]}<\/script>\n<!-- \/ Yoast SEO plugin. -->","yoast_head_json":{"title":"Notas legais e condi\u00e7\u00f5es gerais de utiliza\u00e7\u00e3o - Multimeds","description":"Consulte as nossas men\u00e7\u00f5es legais para saber mais sobre os seus direitos e deveres relativamente \u00e0 prote\u00e7\u00e3o de dados, \u00e0 propriedade intelectual e \u00e0 responsabilidade no nosso website.","robots":{"index":"index","follow":"follow","max-snippet":"max-snippet:-1","max-image-preview":"max-image-preview:large","max-video-preview":"max-video-preview:-1"},"canonical":"https:\/\/multimeds.eu\/pt-pt\/avisos-legais\/","og_locale":"pt_PT","og_type":"article","og_title":"Notas legais e condi\u00e7\u00f5es gerais de utiliza\u00e7\u00e3o - Multimeds","og_description":"Consulte as nossas men\u00e7\u00f5es legais para saber mais sobre os seus direitos e deveres relativamente \u00e0 prote\u00e7\u00e3o de dados, \u00e0 propriedade intelectual e \u00e0 responsabilidade no nosso website.","og_url":"https:\/\/multimeds.eu\/pt-pt\/avisos-legais\/","og_site_name":"Multimeds","article_publisher":"https:\/\/www.facebook.com\/Pharmagest\/","article_modified_time":"2025-08-19T09:55:49+00:00","twitter_card":"summary_large_image","twitter_site":"@Pharmagest","twitter_misc":{"Tempo estimado de leitura":"3 minutos"},"schema":{"@context":"https:\/\/schema.org","@graph":[{"@type":"WebPage","@id":"https:\/\/multimeds.eu\/pt-pt\/avisos-legais\/","url":"https:\/\/multimeds.eu\/pt-pt\/avisos-legais\/","name":"Notas legais e condi\u00e7\u00f5es gerais de utiliza\u00e7\u00e3o - Multimeds","isPartOf":{"@id":"https:\/\/multimeds.eu\/pt-pt\/#website"},"datePublished":"2022-11-15T13:39:58+00:00","dateModified":"2025-08-19T09:55:49+00:00","description":"Consulte as nossas men\u00e7\u00f5es legais para saber mais sobre os seus direitos e deveres relativamente \u00e0 prote\u00e7\u00e3o de dados, \u00e0 propriedade intelectual e \u00e0 responsabilidade no nosso website.","breadcrumb":{"@id":"https:\/\/multimeds.eu\/pt-pt\/avisos-legais\/#breadcrumb"},"inLanguage":"pt-PT","potentialAction":[{"@type":"ReadAction","target":["https:\/\/multimeds.eu\/pt-pt\/avisos-legais\/"]}]},{"@type":"BreadcrumbList","@id":"https:\/\/multimeds.eu\/pt-pt\/avisos-legais\/#breadcrumb","itemListElement":[{"@type":"ListItem","position":1,"name":"Accueil","item":"https:\/\/multimeds.eu\/pt-pt\/"},{"@type":"ListItem","position":2,"name":"Avisos legais"}]},{"@type":"WebSite","@id":"https:\/\/multimeds.eu\/pt-pt\/#website","url":"https:\/\/multimeds.eu\/pt-pt\/","name":"Multimeds","description":"Pr\u00e9pration des Doses \u00e0 Administrer","publisher":{"@id":"https:\/\/multimeds.eu\/pt-pt\/#organization"},"potentialAction":[{"@type":"SearchAction","target":{"@type":"EntryPoint","urlTemplate":"https:\/\/multimeds.eu\/pt-pt\/?s={search_term_string}"},"query-input":{"@type":"PropertyValueSpecification","valueRequired":true,"valueName":"search_term_string"}}],"inLanguage":"pt-PT"},{"@type":"Organization","@id":"https:\/\/multimeds.eu\/pt-pt\/#organization","name":"Multimeds","url":"https:\/\/multimeds.eu\/pt-pt\/","logo":{"@type":"ImageObject","inLanguage":"pt-PT","@id":"https:\/\/multimeds.eu\/pt-pt\/#\/schema\/logo\/image\/","url":"https:\/\/multimeds.eu\/wp-content\/uploads\/2023\/10\/cropped-Logo_Multimeds.png","contentUrl":"https:\/\/multimeds.eu\/wp-content\/uploads\/2023\/10\/cropped-Logo_Multimeds.png","width":3221,"height":699,"caption":"Multimeds"},"image":{"@id":"https:\/\/multimeds.eu\/pt-pt\/#\/schema\/logo\/image\/"},"sameAs":["https:\/\/www.facebook.com\/Pharmagest\/","https:\/\/x.com\/Pharmagest","https:\/\/www.linkedin.com\/company\/741276"]}]}},"_links":{"self":[{"href":"https:\/\/multimeds.eu\/pt-pt\/wp-json\/wp\/v2\/pages\/11500","targetHints":{"allow":["GET"]}}],"collection":[{"href":"https:\/\/multimeds.eu\/pt-pt\/wp-json\/wp\/v2\/pages"}],"about":[{"href":"https:\/\/multimeds.eu\/pt-pt\/wp-json\/wp\/v2\/types\/page"}],"author":[{"embeddable":true,"href":"https:\/\/multimeds.eu\/pt-pt\/wp-json\/wp\/v2\/users\/14"}],"replies":[{"embeddable":true,"href":"https:\/\/multimeds.eu\/pt-pt\/wp-json\/wp\/v2\/comments?post=11500"}],"version-history":[{"count":1,"href":"https:\/\/multimeds.eu\/pt-pt\/wp-json\/wp\/v2\/pages\/11500\/revisions"}],"predecessor-version":[{"id":11501,"href":"https:\/\/multimeds.eu\/pt-pt\/wp-json\/wp\/v2\/pages\/11500\/revisions\/11501"}],"wp:attachment":[{"href":"https:\/\/multimeds.eu\/pt-pt\/wp-json\/wp\/v2\/media?parent=11500"}],"curies":[{"name":"wp","href":"https:\/\/api.w.org\/{rel}","templated":true}]}}