{"id":11332,"date":"2023-11-30T18:22:04","date_gmt":"2023-11-30T17:22:04","guid":{"rendered":"https:\/\/multimeds.eu\/quem-somos\/"},"modified":"2025-08-19T15:57:21","modified_gmt":"2025-08-19T13:57:21","slug":"quem-somos","status":"publish","type":"page","link":"https:\/\/multimeds.eu\/pt-pt\/quem-somos\/","title":{"rendered":"Quem somos?"},"content":{"rendered":"<div class=\"container\"><div class=\"row\"><div class=\"medium-large-full\">\n<div style=\"height:50px\" aria-hidden=\"true\" class=\"wp-block-spacer\"><\/div>\n<\/div><\/div><\/div>\n\n<div class=\"container\"><div class=\"row\"><div class=\"medium-large-full\">\n<div class=\"wp-block-columns is-layout-flex wp-container-core-columns-is-layout-9d6595d7 wp-block-columns-is-layout-flex\">\n<div class=\"wp-block-column is-vertically-aligned-center is-layout-flow wp-block-column-is-layout-flow\"><div class=\"wp-block-image\"><div class=\"container\"><div class=\"row\"><div class=\"medium-large-full\">\n<figure class=\"aligncenter size-large is-resized\"><img loading=\"lazy\" decoding=\"async\" width=\"1024\" height=\"683\" src=\"https:\/\/multimeds.equasens.com\/wp-content\/uploads\/2023\/11\/home-bg-multimeds-1024x683.webp\" alt=\"Quem somos? A Multimeds \u00e9 uma empresa especializada no desenvolvimento de solu\u00e7\u00f5es para a gest\u00e3o da medica\u00e7\u00e3o atrav\u00e9s de piluleiros. \" class=\"wp-image-7250\" style=\"aspect-ratio:4\/3;object-fit:cover;width:650px\" srcset=\"https:\/\/multimeds.eu\/wp-content\/uploads\/2023\/11\/home-bg-multimeds-1024x683.webp 1024w, https:\/\/multimeds.eu\/wp-content\/uploads\/2023\/11\/home-bg-multimeds-500x333.webp 500w, https:\/\/multimeds.eu\/wp-content\/uploads\/2023\/11\/home-bg-multimeds-768x512.webp 768w, https:\/\/multimeds.eu\/wp-content\/uploads\/2023\/11\/home-bg-multimeds-1536x1024.webp 1536w, https:\/\/multimeds.eu\/wp-content\/uploads\/2023\/11\/home-bg-multimeds.webp 1920w\" sizes=\"auto, (max-width: 1024px) 100vw, 1024px\" \/><\/figure>\n<\/div><\/div><\/div><\/div><\/div>\n\n\n\n<div class=\"wp-block-column is-vertically-aligned-center is-layout-flow wp-block-column-is-layout-flow\"><div id=\"titre-perso-block_b65f0624c5d181c3f00cf78df52d5562\" class=\"titre-perso block-titre-perso\">\n\t<div class=\"container\">\n\t\t<div class=\"row\">\n\t\t\t<div class=\"medium-large-full flex-col\">\n\t\t\t\t<h2 class=\"title\" data-aos=\"fade-left\" data-aos-delay=\"100\">\n\t\t\t\t\t<span class=\"meta-suptitle\" data-aos=\"fade-right\" data-aos-delay=\"100\">Multimeds <\/span>\t\t\t\t\t<span class=\"meta-title\" data-aos=\"fade-right\" data-aos-delay=\"200\">\n\t\t\t\t\t\tQuem somos?\t\t\t\t\t\t<!-- <div class=\"one-big-line-blue\" data-aos=\"fade-right\" data-aos-delay=\"300\"><\/div> -->\n\t\t\t\t\t<\/span>\n\t\t\t\t<\/h2>\n\t\t\t<\/div>\n\t\t<\/div>\n\t<\/div>\n<\/div>\n\n\n<div class=\"container\"><div class=\"row\"><div class=\"medium-large-full\">\n<p>Filial do grupo Equasens, a Multimeds est\u00e1 presente no Reino Unido, em Fran\u00e7a, na B\u00e9lgica, em It\u00e1lia, na Alemanha, em Portugal e em Espanha. A Multimeds est\u00e1 empenhada em melhorar a ades\u00e3o terap\u00eautica dos utentes em regime ambulat\u00f3rio ou institucional. Com solu\u00e7\u00f5es adapt\u00e1veis, eficazes e seguras, temos como objetivo otimizar a coordena\u00e7\u00e3o dos cuidados e refor\u00e7ar a liga\u00e7\u00e3o entre os diferentes setores da sa\u00fade. Desenvolvemos solu\u00e7\u00f5es de gest\u00e3o da medica\u00e7\u00e3o por meio de piluleiros para farmac\u00eauticos, destinadas a utentes em institui\u00e7\u00f5es ou em ambulat\u00f3rio.<\/p>\n<\/div><\/div><\/div><\/div>\n<\/div>\n<\/div><\/div><\/div>\n\n<div class=\"container\"><div class=\"row\"><div class=\"medium-large-full\">\n<div style=\"height:50px\" aria-hidden=\"true\" class=\"wp-block-spacer\"><\/div>\n<\/div><\/div><\/div>\n\n<section id=\"fullwidth-block_f3a9aa4ab43bac02f97cd66432675621\" class=\"fullwidth block-fullwidth is-style-background-dark-blue\" data-aos=\"fade-down\">\n    \n<div id=\"titre-perso-block_7adc354e58e9981746b51bfd9d6497a2\" class=\"titre-perso block-titre-perso\">\n\t<div class=\"container\">\n\t\t<div class=\"row\">\n\t\t\t<div class=\"medium-large-full flex-col\">\n\t\t\t\t<h2 class=\"title\" data-aos=\"fade-left\" data-aos-delay=\"100\">\n\t\t\t\t\t<span class=\"meta-suptitle\" data-aos=\"fade-right\" data-aos-delay=\"100\">Multimeds<\/span>\t\t\t\t\t<span class=\"meta-title\" data-aos=\"fade-right\" data-aos-delay=\"200\">\n\t\t\t\t\t\tOs benef\u00edcios da prepara\u00e7\u00e3o individualizada da medica\u00e7\u00e3o\t\t\t\t\t\t<!-- <div class=\"one-big-line-blue\" data-aos=\"fade-right\" data-aos-delay=\"300\"><\/div> -->\n\t\t\t\t\t<\/span>\n\t\t\t\t<\/h2>\n\t\t\t<\/div>\n\t\t<\/div>\n\t<\/div>\n<\/div>\n\n\n<div class=\"container\"><div class=\"row\"><div class=\"medium-large-full\">\n<div class=\"wp-block-columns is-layout-flex wp-container-core-columns-is-layout-9d6595d7 wp-block-columns-is-layout-flex\">\n<div class=\"wp-block-column is-layout-flow wp-block-column-is-layout-flow\" style=\"flex-basis:33.33%\"><div class=\"wp-block-image\"><div class=\"container\"><div class=\"row\"><div class=\"medium-large-full\">\n<figure class=\"aligncenter size-full\"><img loading=\"lazy\" decoding=\"async\" width=\"119\" height=\"119\" src=\"https:\/\/multimeds.equasens.com\/wp-content\/uploads\/2022\/09\/decision-picto.png\" alt=\"\" class=\"wp-image-899\" srcset=\"https:\/\/multimeds.eu\/wp-content\/uploads\/2022\/09\/decision-picto.png 119w, https:\/\/multimeds.eu\/wp-content\/uploads\/2022\/09\/decision-picto-150x150.png 150w, https:\/\/multimeds.eu\/wp-content\/uploads\/2022\/09\/decision-picto-820x820.png 820w\" sizes=\"auto, (max-width: 119px) 100vw, 119px\" \/><\/figure>\n<\/div><\/div><\/div><\/div>\n\n<div class=\"container\"><div class=\"row\"><div class=\"medium-large-full\">\n<h3 class=\"wp-block-heading has-text-align-center has-white-color has-text-color\">Adaptabilidade<\/h3>\n<\/div><\/div><\/div>\n\n<div class=\"container\"><div class=\"row\"><div class=\"medium-large-full\">\n<p class=\"has-text-align-center has-white-color has-text-color\">As solu\u00e7\u00f5es Multimeds adaptam-se \u00e0s necessidades dos seus utentes e parceiros, oferecendo diferentes configura\u00e7\u00f5es de tratamento.<\/p>\n<\/div><\/div><\/div><\/div>\n\n\n\n<div class=\"wp-block-column is-layout-flow wp-block-column-is-layout-flow\" style=\"flex-basis:33.33%\"><div class=\"wp-block-image\"><div class=\"container\"><div class=\"row\"><div class=\"medium-large-full\">\n<figure class=\"aligncenter size-full\"><img loading=\"lazy\" decoding=\"async\" width=\"119\" height=\"119\" src=\"https:\/\/multimeds.equasens.com\/wp-content\/uploads\/2022\/09\/patient-centre-picto.png\" alt=\"\" class=\"wp-image-889\" srcset=\"https:\/\/multimeds.eu\/wp-content\/uploads\/2022\/09\/patient-centre-picto.png 119w, https:\/\/multimeds.eu\/wp-content\/uploads\/2022\/09\/patient-centre-picto-150x150.png 150w, https:\/\/multimeds.eu\/wp-content\/uploads\/2022\/09\/patient-centre-picto-820x820.png 820w\" sizes=\"auto, (max-width: 119px) 100vw, 119px\" \/><\/figure>\n<\/div><\/div><\/div><\/div>\n\n<div class=\"container\"><div class=\"row\"><div class=\"medium-large-full\">\n<h3 class=\"wp-block-heading has-text-align-center has-white-color has-text-color\"><strong>efic\u00e1cia<\/strong><\/h3>\n<\/div><\/div><\/div>\n\n<div class=\"container\"><div class=\"row\"><div class=\"medium-large-full\">\n<p class=\"has-text-align-center has-white-color has-text-color\">A produ\u00e7\u00e3o de um piluleiro manual demora menos de 7 minutos, enquanto com os nossos robots s\u00e3o necess\u00e1rios apenas 2 minutos.<\/p>\n<\/div><\/div><\/div><\/div>\n\n\n\n<div class=\"wp-block-column is-layout-flow wp-block-column-is-layout-flow\" style=\"flex-basis:33.33%\"><div class=\"wp-block-image\"><div class=\"container\"><div class=\"row\"><div class=\"medium-large-full\">\n<figure class=\"aligncenter size-full\"><img loading=\"lazy\" decoding=\"async\" width=\"119\" height=\"119\" src=\"https:\/\/multimeds.equasens.com\/wp-content\/uploads\/2022\/09\/connecte-picto.png\" alt=\"\" class=\"wp-image-895\" srcset=\"https:\/\/multimeds.eu\/wp-content\/uploads\/2022\/09\/connecte-picto.png 119w, https:\/\/multimeds.eu\/wp-content\/uploads\/2022\/09\/connecte-picto-150x150.png 150w, https:\/\/multimeds.eu\/wp-content\/uploads\/2022\/09\/connecte-picto-820x820.png 820w\" sizes=\"auto, (max-width: 119px) 100vw, 119px\" \/><\/figure>\n<\/div><\/div><\/div><\/div>\n\n<div class=\"container\"><div class=\"row\"><div class=\"medium-large-full\">\n<h3 class=\"wp-block-heading has-text-align-center has-white-color has-text-color\">Seguran\u00e7a<\/h3>\n<\/div><\/div><\/div>\n\n<div class=\"container\"><div class=\"row\"><div class=\"medium-large-full\">\n<p class=\"has-text-align-center has-white-color has-text-color\">O software Multimeds 2.0 garante uma rastreabilidade e uma seguran\u00e7a completas do circuito do medicamento, gra\u00e7as a alertas autom\u00e1ticos e personaliz\u00e1veis.<\/p>\n<\/div><\/div><\/div><\/div>\n<\/div>\n<\/div><\/div><\/div>\n\n<\/section>\n\n\n<div class=\"container\"><div class=\"row\"><div class=\"medium-large-full\">\n<div style=\"height:59px\" aria-hidden=\"true\" class=\"wp-block-spacer\"><\/div>\n<\/div><\/div><\/div>\n\n<div class=\"container\"><div class=\"row\"><div class=\"medium-large-full\">\n<hr class=\"wp-block-separator has-alpha-channel-opacity\"\/>\n<\/div><\/div><\/div>\n\n<div class=\"container\"><div class=\"row\"><div class=\"medium-large-full\">\n<div style=\"height:50px\" aria-hidden=\"true\" class=\"wp-block-spacer\"><\/div>\n<\/div><\/div><\/div>\n\n<div class=\"container\"><div class=\"row\"><div class=\"medium-large-full\">\n<div class=\"wp-block-columns is-layout-flex wp-container-core-columns-is-layout-9d6595d7 wp-block-columns-is-layout-flex\">\n<div class=\"wp-block-column is-layout-flow wp-block-column-is-layout-flow\"><div id=\"titre-perso-block_2dfb742ecd00e6f0e45ade0184ee5fb8\" class=\"titre-perso block-titre-perso\">\n\t<div class=\"container\">\n\t\t<div class=\"row\">\n\t\t\t<div class=\"medium-large-full flex-col\">\n\t\t\t\t<h2 class=\"title\" data-aos=\"fade-left\" data-aos-delay=\"100\">\n\t\t\t\t\t<span class=\"meta-suptitle\" data-aos=\"fade-right\" data-aos-delay=\"100\">Quem somos? <\/span>\t\t\t\t\t<span class=\"meta-title\" data-aos=\"fade-right\" data-aos-delay=\"200\">\n\t\t\t\t\t\tMultimeds, uma empresa do Grupo Equasens\t\t\t\t\t\t<!-- <div class=\"one-big-line-blue\" data-aos=\"fade-right\" data-aos-delay=\"300\"><\/div> -->\n\t\t\t\t\t<\/span>\n\t\t\t\t<\/h2>\n\t\t\t<\/div>\n\t\t<\/div>\n\t<\/div>\n<\/div>\n\n\n<div class=\"container\"><div class=\"row\"><div class=\"medium-large-full\">\n<p>L\u00edder em solu\u00e7\u00f5es digitais de sa\u00fade, o Grupo Equasens facilita o dia a dia de todos os profissionais de sa\u00fade, desenvolvendo software e hardware inovadores e antecipando a evolu\u00e7\u00e3o das suas profiss\u00f5es. <br><br>A Equasens contribui assim para a melhoria da qualidade dos cuidados prestados aos utentes, para a otimiza\u00e7\u00e3o da liga\u00e7\u00e3o entre os setores da cidade, hospitalar e social, e para o refor\u00e7o da coordena\u00e7\u00e3o dos percursos de cuidados. <br><br>Fundado h\u00e1 mais de 35 anos, o Grupo Equasens est\u00e1 presente em 9 pa\u00edses na Europa e \u00e9 o principal fornecedor de software de sa\u00fade em termos de quota de mercado e diversidade de \u00e1reas de atua\u00e7\u00e3o.<\/p>\n<\/div><\/div><\/div>\n\n<div class=\"container\"><div class=\"row\"><div class=\"medium-large-full\">\n<p><a href=\"https:\/\/equasens.com\/\">www.equasens.com<\/a><\/p>\n<\/div><\/div><\/div>\n\n<div class=\"container\"><div class=\"row\"><div class=\"medium-large-full\">\n<figure class=\"wp-block-embed aligncenter is-type-video is-provider-vimeo wp-block-embed-vimeo wp-embed-aspect-16-9 wp-has-aspect-ratio\"><div class=\"wp-block-embed__wrapper\">\n<iframe loading=\"lazy\" title=\"Equasens Group : Leader in healthcare IT solutions\" src=\"https:\/\/player.vimeo.com\/video\/912571267?dnt=1&amp;app_id=122963\" width=\"500\" height=\"281\" frameborder=\"0\" allow=\"autoplay; fullscreen; picture-in-picture; clipboard-write; encrypted-media; web-share\" referrerpolicy=\"strict-origin-when-cross-origin\"><\/iframe>\n<\/div><\/figure>\n<\/div><\/div><\/div><\/div>\n<\/div>\n<\/div><\/div><\/div>\n\n<div class=\"container\"><div class=\"row\"><div class=\"medium-large-full\"><div class=\"container\"><div class=\"row\"><div class=\"medium-large-full\"><section id=\"fullwidth-block_a8c35f02badc3df058b1f3caa4304f1d\" class=\"fullwidth block-fullwidth is-style-background-cta-multimeds\" data-aos=\"fade-down\">\n    \n<div class=\"container\"><div class=\"row\"><div class=\"medium-large-full\">\n<div class=\"wp-block-columns is-layout-flex wp-container-core-columns-is-layout-9d6595d7 wp-block-columns-is-layout-flex\">\n<div class=\"wp-block-column is-vertically-aligned-center is-layout-flow wp-block-column-is-layout-flow\" style=\"flex-basis:80%\"><div class=\"container\"><div class=\"row\"><div class=\"medium-large-full\">\n<h3 class=\"wp-block-heading has-black-color has-text-color\">Deseja mais informa\u00e7\u00f5es?<\/h3>\n<\/div><\/div><\/div><\/div>\n\n\n\n<div class=\"wp-block-column is-layout-flow wp-block-column-is-layout-flow\" style=\"flex-basis:20%\"><div class=\"container\"><div class=\"row\"><div class=\"medium-large-full\">\n<div class=\"wp-block-buttons is-layout-flex wp-block-buttons-is-layout-flex\">\n<div class=\"wp-block-button\"><a class=\"wp-block-button__link wp-element-button\" href=\"https:\/\/multimeds.eu\/contactez-nous\/\">Contacte-nos<\/a><\/div>\n<\/div>\n<\/div><\/div><\/div><\/div>\n<\/div>\n<\/div><\/div><\/div>\n\n<\/section>\n<\/div><\/div><\/div><\/div><\/div><\/div>","protected":false},"excerpt":{"rendered":"<p>Filial do grupo Equasens, a Multimeds est\u00e1 presente no Reino Unido, em Fran\u00e7a, na B\u00e9lgica, em It\u00e1lia, na Alemanha, em Portugal e em Espanha. A Multimeds est\u00e1 empenhada em melhorar a ades\u00e3o terap\u00eautica dos utentes em regime ambulat\u00f3rio ou institucional. Com solu\u00e7\u00f5es adapt\u00e1veis, eficazes e seguras, temos como objetivo otimizar a coordena\u00e7\u00e3o dos cuidados e [&hellip;]<\/p>\n","protected":false},"author":14,"featured_media":11184,"parent":0,"menu_order":15,"comment_status":"closed","ping_status":"closed","template":"","meta":{"footnotes":""},"class_list":["post-11332","page","type-page","status-publish","has-post-thumbnail","hentry"],"acf":[],"yoast_head":"<!-- This site is optimized with the Yoast SEO plugin v27.4 - https:\/\/yoast.com\/product\/yoast-seo-wordpress\/ -->\n<title>Quem somos? - Multimeds<\/title>\n<meta name=\"description\" content=\"Descubra a Multimeds, empresa desenvolvedora de software para a prepara\u00e7\u00e3o individualizada da medica\u00e7\u00e3o, promovendo uma melhor ades\u00e3o terap\u00eautica.\" \/>\n<meta name=\"robots\" content=\"index, follow, max-snippet:-1, max-image-preview:large, max-video-preview:-1\" \/>\n<link rel=\"canonical\" href=\"https:\/\/multimeds.eu\/pt-pt\/quem-somos\/\" \/>\n<meta property=\"og:locale\" content=\"pt_PT\" \/>\n<meta property=\"og:type\" content=\"article\" \/>\n<meta property=\"og:title\" content=\"Quem somos? - Multimeds\" \/>\n<meta property=\"og:description\" content=\"Descubra a Multimeds, empresa desenvolvedora de software para a prepara\u00e7\u00e3o individualizada da medica\u00e7\u00e3o, promovendo uma melhor ades\u00e3o terap\u00eautica.\" \/>\n<meta property=\"og:url\" content=\"https:\/\/multimeds.eu\/pt-pt\/quem-somos\/\" \/>\n<meta property=\"og:site_name\" content=\"Multimeds\" \/>\n<meta property=\"article:publisher\" content=\"https:\/\/www.facebook.com\/Pharmagest\/\" \/>\n<meta property=\"article:modified_time\" content=\"2025-08-19T13:57:21+00:00\" \/>\n<meta property=\"og:image\" content=\"https:\/\/multimeds.eu\/wp-content\/uploads\/2023\/11\/pilulier-patient-pharmacien-echange-multimeds.webp\" \/>\n\t<meta property=\"og:image:width\" content=\"1200\" \/>\n\t<meta property=\"og:image:height\" content=\"800\" \/>\n\t<meta property=\"og:image:type\" content=\"image\/webp\" \/>\n<meta name=\"twitter:card\" content=\"summary_large_image\" \/>\n<meta name=\"twitter:site\" content=\"@Pharmagest\" \/>\n<meta name=\"twitter:label1\" content=\"Tempo estimado de leitura\" \/>\n\t<meta name=\"twitter:data1\" content=\"4 minutos\" \/>\n<script type=\"application\/ld+json\" class=\"yoast-schema-graph\">{\"@context\":\"https:\\\/\\\/schema.org\",\"@graph\":[{\"@type\":\"WebPage\",\"@id\":\"https:\\\/\\\/multimeds.eu\\\/pt-pt\\\/quem-somos\\\/\",\"url\":\"https:\\\/\\\/multimeds.eu\\\/pt-pt\\\/quem-somos\\\/\",\"name\":\"Quem somos? - Multimeds\",\"isPartOf\":{\"@id\":\"https:\\\/\\\/multimeds.eu\\\/pt-pt\\\/#website\"},\"primaryImageOfPage\":{\"@id\":\"https:\\\/\\\/multimeds.eu\\\/pt-pt\\\/quem-somos\\\/#primaryimage\"},\"image\":{\"@id\":\"https:\\\/\\\/multimeds.eu\\\/pt-pt\\\/quem-somos\\\/#primaryimage\"},\"thumbnailUrl\":\"https:\\\/\\\/multimeds.eu\\\/wp-content\\\/uploads\\\/2023\\\/11\\\/pilulier-patient-pharmacien-echange-multimeds.webp\",\"datePublished\":\"2023-11-30T17:22:04+00:00\",\"dateModified\":\"2025-08-19T13:57:21+00:00\",\"description\":\"Descubra a Multimeds, empresa desenvolvedora de software para a prepara\u00e7\u00e3o individualizada da medica\u00e7\u00e3o, promovendo uma melhor ades\u00e3o terap\u00eautica.\",\"breadcrumb\":{\"@id\":\"https:\\\/\\\/multimeds.eu\\\/pt-pt\\\/quem-somos\\\/#breadcrumb\"},\"inLanguage\":\"pt-PT\",\"potentialAction\":[{\"@type\":\"ReadAction\",\"target\":[\"https:\\\/\\\/multimeds.eu\\\/pt-pt\\\/quem-somos\\\/\"]}]},{\"@type\":\"ImageObject\",\"inLanguage\":\"pt-PT\",\"@id\":\"https:\\\/\\\/multimeds.eu\\\/pt-pt\\\/quem-somos\\\/#primaryimage\",\"url\":\"https:\\\/\\\/multimeds.eu\\\/wp-content\\\/uploads\\\/2023\\\/11\\\/pilulier-patient-pharmacien-echange-multimeds.webp\",\"contentUrl\":\"https:\\\/\\\/multimeds.eu\\\/wp-content\\\/uploads\\\/2023\\\/11\\\/pilulier-patient-pharmacien-echange-multimeds.webp\",\"width\":1200,\"height\":800},{\"@type\":\"BreadcrumbList\",\"@id\":\"https:\\\/\\\/multimeds.eu\\\/pt-pt\\\/quem-somos\\\/#breadcrumb\",\"itemListElement\":[{\"@type\":\"ListItem\",\"position\":1,\"name\":\"Accueil\",\"item\":\"https:\\\/\\\/multimeds.eu\\\/pt-pt\\\/\"},{\"@type\":\"ListItem\",\"position\":2,\"name\":\"Quem somos?\"}]},{\"@type\":\"WebSite\",\"@id\":\"https:\\\/\\\/multimeds.eu\\\/pt-pt\\\/#website\",\"url\":\"https:\\\/\\\/multimeds.eu\\\/pt-pt\\\/\",\"name\":\"Multimeds\",\"description\":\"Pr\u00e9pration des Doses \u00e0 Administrer\",\"publisher\":{\"@id\":\"https:\\\/\\\/multimeds.eu\\\/pt-pt\\\/#organization\"},\"potentialAction\":[{\"@type\":\"SearchAction\",\"target\":{\"@type\":\"EntryPoint\",\"urlTemplate\":\"https:\\\/\\\/multimeds.eu\\\/pt-pt\\\/?s={search_term_string}\"},\"query-input\":{\"@type\":\"PropertyValueSpecification\",\"valueRequired\":true,\"valueName\":\"search_term_string\"}}],\"inLanguage\":\"pt-PT\"},{\"@type\":\"Organization\",\"@id\":\"https:\\\/\\\/multimeds.eu\\\/pt-pt\\\/#organization\",\"name\":\"Multimeds\",\"url\":\"https:\\\/\\\/multimeds.eu\\\/pt-pt\\\/\",\"logo\":{\"@type\":\"ImageObject\",\"inLanguage\":\"pt-PT\",\"@id\":\"https:\\\/\\\/multimeds.eu\\\/pt-pt\\\/#\\\/schema\\\/logo\\\/image\\\/\",\"url\":\"https:\\\/\\\/multimeds.eu\\\/wp-content\\\/uploads\\\/2023\\\/10\\\/cropped-Logo_Multimeds.png\",\"contentUrl\":\"https:\\\/\\\/multimeds.eu\\\/wp-content\\\/uploads\\\/2023\\\/10\\\/cropped-Logo_Multimeds.png\",\"width\":3221,\"height\":699,\"caption\":\"Multimeds\"},\"image\":{\"@id\":\"https:\\\/\\\/multimeds.eu\\\/pt-pt\\\/#\\\/schema\\\/logo\\\/image\\\/\"},\"sameAs\":[\"https:\\\/\\\/www.facebook.com\\\/Pharmagest\\\/\",\"https:\\\/\\\/x.com\\\/Pharmagest\",\"https:\\\/\\\/www.linkedin.com\\\/company\\\/741276\"]}]}<\/script>\n<!-- \/ Yoast SEO plugin. -->","yoast_head_json":{"title":"Quem somos? - Multimeds","description":"Descubra a Multimeds, empresa desenvolvedora de software para a prepara\u00e7\u00e3o individualizada da medica\u00e7\u00e3o, promovendo uma melhor ades\u00e3o terap\u00eautica.","robots":{"index":"index","follow":"follow","max-snippet":"max-snippet:-1","max-image-preview":"max-image-preview:large","max-video-preview":"max-video-preview:-1"},"canonical":"https:\/\/multimeds.eu\/pt-pt\/quem-somos\/","og_locale":"pt_PT","og_type":"article","og_title":"Quem somos? - Multimeds","og_description":"Descubra a Multimeds, empresa desenvolvedora de software para a prepara\u00e7\u00e3o individualizada da medica\u00e7\u00e3o, promovendo uma melhor ades\u00e3o terap\u00eautica.","og_url":"https:\/\/multimeds.eu\/pt-pt\/quem-somos\/","og_site_name":"Multimeds","article_publisher":"https:\/\/www.facebook.com\/Pharmagest\/","article_modified_time":"2025-08-19T13:57:21+00:00","og_image":[{"width":1200,"height":800,"url":"https:\/\/multimeds.eu\/wp-content\/uploads\/2023\/11\/pilulier-patient-pharmacien-echange-multimeds.webp","type":"image\/webp"}],"twitter_card":"summary_large_image","twitter_site":"@Pharmagest","twitter_misc":{"Tempo estimado de leitura":"4 minutos"},"schema":{"@context":"https:\/\/schema.org","@graph":[{"@type":"WebPage","@id":"https:\/\/multimeds.eu\/pt-pt\/quem-somos\/","url":"https:\/\/multimeds.eu\/pt-pt\/quem-somos\/","name":"Quem somos? - Multimeds","isPartOf":{"@id":"https:\/\/multimeds.eu\/pt-pt\/#website"},"primaryImageOfPage":{"@id":"https:\/\/multimeds.eu\/pt-pt\/quem-somos\/#primaryimage"},"image":{"@id":"https:\/\/multimeds.eu\/pt-pt\/quem-somos\/#primaryimage"},"thumbnailUrl":"https:\/\/multimeds.eu\/wp-content\/uploads\/2023\/11\/pilulier-patient-pharmacien-echange-multimeds.webp","datePublished":"2023-11-30T17:22:04+00:00","dateModified":"2025-08-19T13:57:21+00:00","description":"Descubra a Multimeds, empresa desenvolvedora de software para a prepara\u00e7\u00e3o individualizada da medica\u00e7\u00e3o, promovendo uma melhor ades\u00e3o terap\u00eautica.","breadcrumb":{"@id":"https:\/\/multimeds.eu\/pt-pt\/quem-somos\/#breadcrumb"},"inLanguage":"pt-PT","potentialAction":[{"@type":"ReadAction","target":["https:\/\/multimeds.eu\/pt-pt\/quem-somos\/"]}]},{"@type":"ImageObject","inLanguage":"pt-PT","@id":"https:\/\/multimeds.eu\/pt-pt\/quem-somos\/#primaryimage","url":"https:\/\/multimeds.eu\/wp-content\/uploads\/2023\/11\/pilulier-patient-pharmacien-echange-multimeds.webp","contentUrl":"https:\/\/multimeds.eu\/wp-content\/uploads\/2023\/11\/pilulier-patient-pharmacien-echange-multimeds.webp","width":1200,"height":800},{"@type":"BreadcrumbList","@id":"https:\/\/multimeds.eu\/pt-pt\/quem-somos\/#breadcrumb","itemListElement":[{"@type":"ListItem","position":1,"name":"Accueil","item":"https:\/\/multimeds.eu\/pt-pt\/"},{"@type":"ListItem","position":2,"name":"Quem somos?"}]},{"@type":"WebSite","@id":"https:\/\/multimeds.eu\/pt-pt\/#website","url":"https:\/\/multimeds.eu\/pt-pt\/","name":"Multimeds","description":"Pr\u00e9pration des Doses \u00e0 Administrer","publisher":{"@id":"https:\/\/multimeds.eu\/pt-pt\/#organization"},"potentialAction":[{"@type":"SearchAction","target":{"@type":"EntryPoint","urlTemplate":"https:\/\/multimeds.eu\/pt-pt\/?s={search_term_string}"},"query-input":{"@type":"PropertyValueSpecification","valueRequired":true,"valueName":"search_term_string"}}],"inLanguage":"pt-PT"},{"@type":"Organization","@id":"https:\/\/multimeds.eu\/pt-pt\/#organization","name":"Multimeds","url":"https:\/\/multimeds.eu\/pt-pt\/","logo":{"@type":"ImageObject","inLanguage":"pt-PT","@id":"https:\/\/multimeds.eu\/pt-pt\/#\/schema\/logo\/image\/","url":"https:\/\/multimeds.eu\/wp-content\/uploads\/2023\/10\/cropped-Logo_Multimeds.png","contentUrl":"https:\/\/multimeds.eu\/wp-content\/uploads\/2023\/10\/cropped-Logo_Multimeds.png","width":3221,"height":699,"caption":"Multimeds"},"image":{"@id":"https:\/\/multimeds.eu\/pt-pt\/#\/schema\/logo\/image\/"},"sameAs":["https:\/\/www.facebook.com\/Pharmagest\/","https:\/\/x.com\/Pharmagest","https:\/\/www.linkedin.com\/company\/741276"]}]}},"_links":{"self":[{"href":"https:\/\/multimeds.eu\/pt-pt\/wp-json\/wp\/v2\/pages\/11332","targetHints":{"allow":["GET"]}}],"collection":[{"href":"https:\/\/multimeds.eu\/pt-pt\/wp-json\/wp\/v2\/pages"}],"about":[{"href":"https:\/\/multimeds.eu\/pt-pt\/wp-json\/wp\/v2\/types\/page"}],"author":[{"embeddable":true,"href":"https:\/\/multimeds.eu\/pt-pt\/wp-json\/wp\/v2\/users\/14"}],"replies":[{"embeddable":true,"href":"https:\/\/multimeds.eu\/pt-pt\/wp-json\/wp\/v2\/comments?post=11332"}],"version-history":[{"count":4,"href":"https:\/\/multimeds.eu\/pt-pt\/wp-json\/wp\/v2\/pages\/11332\/revisions"}],"predecessor-version":[{"id":11547,"href":"https:\/\/multimeds.eu\/pt-pt\/wp-json\/wp\/v2\/pages\/11332\/revisions\/11547"}],"wp:featuredmedia":[{"embeddable":true,"href":"https:\/\/multimeds.eu\/pt-pt\/wp-json\/wp\/v2\/media\/11184"}],"wp:attachment":[{"href":"https:\/\/multimeds.eu\/pt-pt\/wp-json\/wp\/v2\/media?parent=11332"}],"curies":[{"name":"wp","href":"https:\/\/api.w.org\/{rel}","templated":true}]}}